{"id":179,"date":"2022-01-13T15:35:16","date_gmt":"2022-01-13T15:35:16","guid":{"rendered":"https:\/\/expatpsychology.nl\/?page_id=179"},"modified":"2022-01-20T00:22:26","modified_gmt":"2022-01-19T23:22:26","slug":"helpful-links","status":"publish","type":"page","link":"https:\/\/expatpsychology.nl\/tr\/helpful-links\/","title":{"rendered":"Yararl\u0131 Linkler"},"content":{"rendered":"<h5 class=\"has-text-align-center has-text-color wp-block-heading\" style=\"color:#ff0004\">Acil durumlarda her zaman 112'yi aray\u0131n. (\u0130ngilizce ya da Hollandaca)<\/h5>\n\n\n\n<hr class=\"wp-block-separator is-style-default\"\/>\n\n\n\n<h4 class=\"has-text-align-center wp-block-heading\">\u0130ngilizce Linkler<\/h4>\n\n\n\n<div class=\"wp-block-buttons is-content-justification-center is-vertical is-layout-flex wp-block-buttons-is-layout-flex\">\n<div class=\"wp-block-button\"><a class=\"wp-block-button__link has-background\" href=\"https:\/\/www.113.nl\/english\" style=\"background-color:#284d96\" target=\"_blank\" rel=\"noreferrer noopener\">\u0130ntihar \u00d6nleme<\/a><\/div>\n\n\n\n<div class=\"wp-block-button\"><a class=\"wp-block-button__link has-background\" href=\"https:\/\/www.na-holland.nl\" style=\"background-color:#284d96\" target=\"_blank\" rel=\"noreferrer noopener\">Madde Ba\u011f\u0131ml\u0131l\u0131\u011f\u0131<\/a><\/div>\n\n\n\n<div class=\"wp-block-button\"><a class=\"wp-block-button__link has-background\" href=\"https:\/\/aa-netherlands.org\" style=\"background-color:#284d96\" target=\"_blank\" rel=\"noreferrer noopener\">Alkolizm<\/a><\/div>\n\n\n\n<div class=\"wp-block-button\"><a class=\"wp-block-button__link has-background\" href=\"https:\/\/www.ggd.amsterdam.nl\/english\/sexual-assault\/\" style=\"background-color:#284d96\" target=\"_blank\" rel=\"noreferrer noopener\">Cinsel Sald\u0131r\u0131<\/a><\/div>\n\n\n\n<div class=\"wp-block-button\"><a class=\"wp-block-button__link has-background\" href=\"https:\/\/veiligthuishollandsmidden.nl\/download\/5270\/\" style=\"background-color:#284d96\" target=\"_blank\" rel=\"noreferrer noopener\">Aile i\u00e7i \u015fiddet<\/a><\/div>\n\n\n\n<div class=\"wp-block-button\"><a class=\"wp-block-button__link has-background\" href=\"https:\/\/www.113.nl\/english\" style=\"background-color:#284d96\" target=\"_blank\" rel=\"noreferrer noopener\">Kendine zarar<\/a><\/div>\n<\/div>\n\n\n\n<p><\/p>","protected":false},"excerpt":{"rendered":"<p>In case of emergency always call 112 (Operators speak English). Links in English<\/p>","protected":false},"author":1,"featured_media":284,"parent":0,"menu_order":0,"comment_status":"closed","ping_status":"closed","template":"","meta":{"footnotes":""},"class_list":["post-179","page","type-page","status-publish","has-post-thumbnail","hentry"],"featured_image_src":"https:\/\/expatpsychology.nl\/wp-content\/uploads\/2022\/01\/New-Project-2.png","yoast_head":"<!-- This site is optimized with the Yoast SEO plugin v27.3 - https:\/\/yoast.com\/product\/yoast-seo-wordpress\/ -->\n<title>Helpful Links - Sanus Psychology Practice<\/title>\n<meta name=\"robots\" content=\"index, follow, max-snippet:-1, max-image-preview:large, max-video-preview:-1\" \/>\n<link rel=\"canonical\" href=\"https:\/\/expatpsychology.nl\/tr\/helpful-links\/\" \/>\n<meta property=\"og:locale\" content=\"tr_TR\" \/>\n<meta property=\"og:type\" content=\"article\" \/>\n<meta property=\"og:title\" content=\"Helpful Links - Sanus Psychology Practice\" \/>\n<meta property=\"og:description\" content=\"In case of emergency always call 112 (Operators speak English). Links in English\" \/>\n<meta property=\"og:url\" content=\"https:\/\/expatpsychology.nl\/tr\/helpful-links\/\" \/>\n<meta property=\"og:site_name\" content=\"Sanus Psychology Practice\" \/>\n<meta property=\"article:publisher\" content=\"https:\/\/www.facebook.com\/psk.cevdet.acarsoy\" \/>\n<meta property=\"article:modified_time\" content=\"2022-01-19T23:22:26+00:00\" \/>\n<meta property=\"og:image\" content=\"https:\/\/expatpsychology.nl\/wp-content\/uploads\/2022\/01\/New-Project-2.png\" \/>\n\t<meta property=\"og:image:width\" content=\"5000\" \/>\n\t<meta property=\"og:image:height\" content=\"4000\" \/>\n\t<meta property=\"og:image:type\" content=\"image\/png\" \/>\n<meta name=\"twitter:card\" content=\"summary_large_image\" \/>\n<meta name=\"twitter:site\" content=\"@CevdetAcarsoy\" \/>\n<script type=\"application\/ld+json\" class=\"yoast-schema-graph\">{\"@context\":\"https:\\\/\\\/schema.org\",\"@graph\":[{\"@type\":\"WebPage\",\"@id\":\"https:\\\/\\\/expatpsychology.nl\\\/helpful-links\\\/\",\"url\":\"https:\\\/\\\/expatpsychology.nl\\\/helpful-links\\\/\",\"name\":\"Helpful Links - Sanus Psychology Practice\",\"isPartOf\":{\"@id\":\"https:\\\/\\\/expatpsychology.nl\\\/#website\"},\"primaryImageOfPage\":{\"@id\":\"https:\\\/\\\/expatpsychology.nl\\\/helpful-links\\\/#primaryimage\"},\"image\":{\"@id\":\"https:\\\/\\\/expatpsychology.nl\\\/helpful-links\\\/#primaryimage\"},\"thumbnailUrl\":\"https:\\\/\\\/expatpsychology.nl\\\/wp-content\\\/uploads\\\/2022\\\/01\\\/New-Project-2.png\",\"datePublished\":\"2022-01-13T15:35:16+00:00\",\"dateModified\":\"2022-01-19T23:22:26+00:00\",\"breadcrumb\":{\"@id\":\"https:\\\/\\\/expatpsychology.nl\\\/helpful-links\\\/#breadcrumb\"},\"inLanguage\":\"tr\",\"potentialAction\":[{\"@type\":\"ReadAction\",\"target\":[\"https:\\\/\\\/expatpsychology.nl\\\/helpful-links\\\/\"]}]},{\"@type\":\"ImageObject\",\"inLanguage\":\"tr\",\"@id\":\"https:\\\/\\\/expatpsychology.nl\\\/helpful-links\\\/#primaryimage\",\"url\":\"https:\\\/\\\/expatpsychology.nl\\\/wp-content\\\/uploads\\\/2022\\\/01\\\/New-Project-2.png\",\"contentUrl\":\"https:\\\/\\\/expatpsychology.nl\\\/wp-content\\\/uploads\\\/2022\\\/01\\\/New-Project-2.png\",\"width\":5000,\"height\":4000},{\"@type\":\"BreadcrumbList\",\"@id\":\"https:\\\/\\\/expatpsychology.nl\\\/helpful-links\\\/#breadcrumb\",\"itemListElement\":[{\"@type\":\"ListItem\",\"position\":1,\"name\":\"Home\",\"item\":\"https:\\\/\\\/expatpsychology.nl\\\/\"},{\"@type\":\"ListItem\",\"position\":2,\"name\":\"Helpful Links\"}]},{\"@type\":\"WebSite\",\"@id\":\"https:\\\/\\\/expatpsychology.nl\\\/#website\",\"url\":\"https:\\\/\\\/expatpsychology.nl\\\/\",\"name\":\"Sanus Psychology\",\"description\":\"Therapy for Expats and Internationals\",\"publisher\":{\"@id\":\"https:\\\/\\\/expatpsychology.nl\\\/#organization\"},\"alternateName\":\"Expat Psychology\",\"potentialAction\":[{\"@type\":\"SearchAction\",\"target\":{\"@type\":\"EntryPoint\",\"urlTemplate\":\"https:\\\/\\\/expatpsychology.nl\\\/?s={search_term_string}\"},\"query-input\":{\"@type\":\"PropertyValueSpecification\",\"valueRequired\":true,\"valueName\":\"search_term_string\"}}],\"inLanguage\":\"tr\"},{\"@type\":\"Organization\",\"@id\":\"https:\\\/\\\/expatpsychology.nl\\\/#organization\",\"name\":\"Sanus Psychology Practice\",\"alternateName\":\"Expat Psychology\",\"url\":\"https:\\\/\\\/expatpsychology.nl\\\/\",\"logo\":{\"@type\":\"ImageObject\",\"inLanguage\":\"tr\",\"@id\":\"https:\\\/\\\/expatpsychology.nl\\\/#\\\/schema\\\/logo\\\/image\\\/\",\"url\":\"https:\\\/\\\/expatpsychology.nl\\\/wp-content\\\/uploads\\\/2022\\\/01\\\/logo_text_vertical.png\",\"contentUrl\":\"https:\\\/\\\/expatpsychology.nl\\\/wp-content\\\/uploads\\\/2022\\\/01\\\/logo_text_vertical.png\",\"width\":5000,\"height\":5000,\"caption\":\"Sanus Psychology Practice\"},\"image\":{\"@id\":\"https:\\\/\\\/expatpsychology.nl\\\/#\\\/schema\\\/logo\\\/image\\\/\"},\"sameAs\":[\"https:\\\/\\\/www.facebook.com\\\/psk.cevdet.acarsoy\",\"https:\\\/\\\/x.com\\\/CevdetAcarsoy\",\"https:\\\/\\\/www.instagram.com\\\/psy.cevdet.acarsoy\\\/\",\"https:\\\/\\\/www.linkedin.com\\\/company\\\/78763336\",\"https:\\\/\\\/www.youtube.com\\\/c\\\/PsikologCevdetAcarsoy\"]}]}<\/script>\n<!-- \/ Yoast SEO plugin. -->","yoast_head_json":{"title":"Helpful Links - Sanus Psychology Practice","robots":{"index":"index","follow":"follow","max-snippet":"max-snippet:-1","max-image-preview":"max-image-preview:large","max-video-preview":"max-video-preview:-1"},"canonical":"https:\/\/expatpsychology.nl\/tr\/helpful-links\/","og_locale":"tr_TR","og_type":"article","og_title":"Helpful Links - Sanus Psychology Practice","og_description":"In case of emergency always call 112 (Operators speak English). Links in English","og_url":"https:\/\/expatpsychology.nl\/tr\/helpful-links\/","og_site_name":"Sanus Psychology Practice","article_publisher":"https:\/\/www.facebook.com\/psk.cevdet.acarsoy","article_modified_time":"2022-01-19T23:22:26+00:00","og_image":[{"width":5000,"height":4000,"url":"https:\/\/expatpsychology.nl\/wp-content\/uploads\/2022\/01\/New-Project-2.png","type":"image\/png"}],"twitter_card":"summary_large_image","twitter_site":"@CevdetAcarsoy","schema":{"@context":"https:\/\/schema.org","@graph":[{"@type":"WebPage","@id":"https:\/\/expatpsychology.nl\/helpful-links\/","url":"https:\/\/expatpsychology.nl\/helpful-links\/","name":"Helpful Links - Sanus Psychology Practice","isPartOf":{"@id":"https:\/\/expatpsychology.nl\/#website"},"primaryImageOfPage":{"@id":"https:\/\/expatpsychology.nl\/helpful-links\/#primaryimage"},"image":{"@id":"https:\/\/expatpsychology.nl\/helpful-links\/#primaryimage"},"thumbnailUrl":"https:\/\/expatpsychology.nl\/wp-content\/uploads\/2022\/01\/New-Project-2.png","datePublished":"2022-01-13T15:35:16+00:00","dateModified":"2022-01-19T23:22:26+00:00","breadcrumb":{"@id":"https:\/\/expatpsychology.nl\/helpful-links\/#breadcrumb"},"inLanguage":"tr","potentialAction":[{"@type":"ReadAction","target":["https:\/\/expatpsychology.nl\/helpful-links\/"]}]},{"@type":"ImageObject","inLanguage":"tr","@id":"https:\/\/expatpsychology.nl\/helpful-links\/#primaryimage","url":"https:\/\/expatpsychology.nl\/wp-content\/uploads\/2022\/01\/New-Project-2.png","contentUrl":"https:\/\/expatpsychology.nl\/wp-content\/uploads\/2022\/01\/New-Project-2.png","width":5000,"height":4000},{"@type":"BreadcrumbList","@id":"https:\/\/expatpsychology.nl\/helpful-links\/#breadcrumb","itemListElement":[{"@type":"ListItem","position":1,"name":"Home","item":"https:\/\/expatpsychology.nl\/"},{"@type":"ListItem","position":2,"name":"Helpful Links"}]},{"@type":"WebSite","@id":"https:\/\/expatpsychology.nl\/#website","url":"https:\/\/expatpsychology.nl\/","name":"Sanus Psychology","description":"Therapy for Expats and Internationals","publisher":{"@id":"https:\/\/expatpsychology.nl\/#organization"},"alternateName":"Expat Psychology","potentialAction":[{"@type":"SearchAction","target":{"@type":"EntryPoint","urlTemplate":"https:\/\/expatpsychology.nl\/?s={search_term_string}"},"query-input":{"@type":"PropertyValueSpecification","valueRequired":true,"valueName":"search_term_string"}}],"inLanguage":"tr"},{"@type":"Organization","@id":"https:\/\/expatpsychology.nl\/#organization","name":"Sanus Psychology","alternateName":"Expat Psychology","url":"https:\/\/expatpsychology.nl\/","logo":{"@type":"ImageObject","inLanguage":"tr","@id":"https:\/\/expatpsychology.nl\/#\/schema\/logo\/image\/","url":"https:\/\/expatpsychology.nl\/wp-content\/uploads\/2022\/01\/logo_text_vertical.png","contentUrl":"https:\/\/expatpsychology.nl\/wp-content\/uploads\/2022\/01\/logo_text_vertical.png","width":5000,"height":5000,"caption":"Sanus Psychology Practice"},"image":{"@id":"https:\/\/expatpsychology.nl\/#\/schema\/logo\/image\/"},"sameAs":["https:\/\/www.facebook.com\/psk.cevdet.acarsoy","https:\/\/x.com\/CevdetAcarsoy","https:\/\/www.instagram.com\/psy.cevdet.acarsoy\/","https:\/\/www.linkedin.com\/company\/78763336","https:\/\/www.youtube.com\/c\/PsikologCevdetAcarsoy"]}]}},"jetpack_sharing_enabled":true,"_links":{"self":[{"href":"https:\/\/expatpsychology.nl\/tr\/wp-json\/wp\/v2\/pages\/179","targetHints":{"allow":["GET"]}}],"collection":[{"href":"https:\/\/expatpsychology.nl\/tr\/wp-json\/wp\/v2\/pages"}],"about":[{"href":"https:\/\/expatpsychology.nl\/tr\/wp-json\/wp\/v2\/types\/page"}],"author":[{"embeddable":true,"href":"https:\/\/expatpsychology.nl\/tr\/wp-json\/wp\/v2\/users\/1"}],"replies":[{"embeddable":true,"href":"https:\/\/expatpsychology.nl\/tr\/wp-json\/wp\/v2\/comments?post=179"}],"version-history":[{"count":12,"href":"https:\/\/expatpsychology.nl\/tr\/wp-json\/wp\/v2\/pages\/179\/revisions"}],"predecessor-version":[{"id":369,"href":"https:\/\/expatpsychology.nl\/tr\/wp-json\/wp\/v2\/pages\/179\/revisions\/369"}],"wp:featuredmedia":[{"embeddable":true,"href":"https:\/\/expatpsychology.nl\/tr\/wp-json\/wp\/v2\/media\/284"}],"wp:attachment":[{"href":"https:\/\/expatpsychology.nl\/tr\/wp-json\/wp\/v2\/media?parent=179"}],"curies":[{"name":"wp","href":"https:\/\/api.w.org\/{rel}","templated":true}]}}