{"id":181,"date":"2022-01-13T15:35:16","date_gmt":"2022-01-13T15:35:16","guid":{"rendered":"https:\/\/expatpsychology.nl\/?page_id=181"},"modified":"2026-02-18T16:14:58","modified_gmt":"2026-02-18T15:14:58","slug":"about-me","status":"publish","type":"page","link":"https:\/\/expatpsychology.nl\/tr\/about-me\/","title":{"rendered":"Hakk\u0131mda"},"content":{"rendered":"<div class=\"wp-block-media-text is-stacked-on-mobile\" style=\"grid-template-columns:38% auto\"><figure class=\"wp-block-media-text__media\"><img loading=\"lazy\" decoding=\"async\" width=\"826\" height=\"1024\" src=\"https:\/\/expatpsychology.nl\/wp-content\/uploads\/2023\/09\/IMG_5007-e1693676145678-826x1024.png\" alt=\"\" class=\"wp-image-1056 size-full\" srcset=\"https:\/\/expatpsychology.nl\/wp-content\/uploads\/2023\/09\/IMG_5007-e1693676145678-826x1024.png 826w, https:\/\/expatpsychology.nl\/wp-content\/uploads\/2023\/09\/IMG_5007-e1693676145678-600x744.png 600w, https:\/\/expatpsychology.nl\/wp-content\/uploads\/2023\/09\/IMG_5007-e1693676145678-242x300.png 242w, https:\/\/expatpsychology.nl\/wp-content\/uploads\/2023\/09\/IMG_5007-e1693676145678-768x953.png 768w, https:\/\/expatpsychology.nl\/wp-content\/uploads\/2023\/09\/IMG_5007-e1693676145678-1238x1536.png 1238w, https:\/\/expatpsychology.nl\/wp-content\/uploads\/2023\/09\/IMG_5007-e1693676145678-1651x2048.png 1651w, https:\/\/expatpsychology.nl\/wp-content\/uploads\/2023\/09\/IMG_5007-e1693676145678-10x12.png 10w, https:\/\/expatpsychology.nl\/wp-content\/uploads\/2023\/09\/IMG_5007-e1693676145678.png 1901w\" sizes=\"auto, (max-width: 826px) 100vw, 826px\" \/><\/figure><div class=\"wp-block-media-text__content\">\n<p class=\"has-medium-font-size\"><strong>Dr. Cevdet Acarsoy<br><\/strong>Klinik Psikolog<br>\u015eema Terapisti &amp; EMDR Uygulay\u0131c\u0131s\u0131<br>NIP Psikolo\u011fu no: 242183<br>ISST Sertifika no: IND-3022<br>EMDR Avrupa Sertifika no: P-27549<br>AGB code: 94114334<\/p>\n\n\n\n<figure class=\"wp-block-image size-full\"><img loading=\"lazy\" decoding=\"async\" width=\"130\" height=\"200\" src=\"https:\/\/expatpsychology.nl\/wp-content\/uploads\/2023\/04\/NIP_beeldmerk_Psycholoog_rgb-e1681480245924.png\" alt=\"\" class=\"wp-image-652\" srcset=\"https:\/\/expatpsychology.nl\/wp-content\/uploads\/2023\/04\/NIP_beeldmerk_Psycholoog_rgb-e1681480245924.png 130w, https:\/\/expatpsychology.nl\/wp-content\/uploads\/2023\/04\/NIP_beeldmerk_Psycholoog_rgb-e1681480245924-8x12.png 8w\" sizes=\"auto, (max-width: 130px) 100vw, 130px\" \/><\/figure>\n<\/div><\/div>\n\n\n\n<p><\/p>\n\n\n\n<p class=\"translation-block\">Merhaba, ben klinik psikolog Cevdet Acarsoy. Y\u00fcksek lisans\u0131m\u0131 Leiden \u00dcniversitesi'nden ald\u0131m. <a href=\"https:\/\/psikiyatri.org.tr\/halka-yonelik\/36\/bilissel-davranisci-psikoterapi\" data-type=\"URL\" data-id=\"https:\/\/psikiyatri.org.tr\/halka-yonelik\/36\/bilissel-davranisci-psikoterapi\" target=\"_blank\" rel=\"noreferrer noopener\">Bili\u015fsel Davran\u0131\u015f\u00e7\u0131 Terapi<\/a>, <a href=\"https:\/\/www.emdr-tr.org\/emdr-nedir\/\" data-type=\"URL\" data-id=\"https:\/\/www.emdr-tr.org\/emdr-nedir\/\" target=\"_blank\" rel=\"noreferrer noopener\">EMDR<\/a> ve <a href=\"https:\/\/www.psikonet.com\/sema-ne-demektir_nedir-156.html\" data-type=\"URL\" data-id=\"https:\/\/www.psikonet.com\/sema-ne-demektir_nedir-156.html\" target=\"_blank\" rel=\"noreferrer noopener\">\u015eema Terapi <\/a> kullan\u0131yorum.<\/p>\n\n\n\n<p class=\"translation-block\">\u0130stanbul'da do\u011fdum, ilkokul ve lise e\u011fitimimi burada tamamlad\u0131ktan sonra Orta Do\u011fu Teknik \u00dcniversitesi (ODT\u00dc) Psikoloji B\u00f6l\u00fcm\u00fc'n\u00fc kazanarak Ankara'da ya\u015famaya ba\u015flad\u0131m. 2016 y\u0131l\u0131nda y\u00fcksek \u015feref derecesiyle mezun olduktan sonra, Hollanda'ya ta\u015f\u0131nd\u0131m. Leiden Excellence bursu kazanarak, Leiden \u00dcniversitesi Klinik Psikoloji y\u00fcksek lisans program\u0131na ba\u015flad\u0131m.<\/p>\n\n\n\n<p>Kaliteli ve etkili psikolojik yard\u0131m i\u00e7in, klinik tecr\u00fcbeyle bilimsel bulgular\u0131 birle\u015ftirmek gerekti\u011fine inan\u0131yorum. Bu sebeple, y\u00fcksek lisans\u0131m s\u0131ras\u0131nda bir \u00e7ok bilimsel ara\u015ft\u0131rmaya katk\u0131 sa\u011flad\u0131m. Bu ara\u015ft\u0131rmalarda Elektroansefalografi (EEG) ve fonksiyonel Manyetik Rezonans G\u00f6r\u00fcnt\u00fcleme (fMRI) gibi y\u00f6ntemlerle, psikolojik bozukluklar\u0131n beyindeki mekanizmalar\u0131n\u0131 anlamaya \u00e7al\u0131\u015ft\u0131k. Buna paralel olarak, terapi, klinik muayene ve bili\u015fsel davran\u0131\u015f\u00e7\u0131 tedaviler \u00fczerine dersler ald\u0131m. <\/p>\n\n\n\n<p class=\"translation-block\">2018 y\u0131l\u0131nda y\u00fcksek lisans\u0131m\u0131 (onur derecesi ile) tamamlad\u0131ktan sonra Leiden \u00dcniversitesi'nde psikoloji b\u00f6l\u00fcm\u00fcnde \u00e7al\u0131\u015fmaya ba\u015flad\u0131m. \u201cKi\u015filik, Klinik ve Sa\u011fl\u0131k Psikolojisi\u201d dahil olmak \u00fczere bir\u00e7ok ders verdim. 2 y\u0131ll\u0131k e\u011fitim ve s\u00fcpervizyonun ard\u0131ndan Uluslararas\u0131 \u015eema Terapi Derne\u011fi'nden (ISST) \u015eema Terapisti sertifikas\u0131 ald\u0131m. Ayr\u0131ca Avrupa Akredite EMDR Terapistiyim. Ayr\u0131ca, epidemiyoloji alan\u0131nda doktora sahibiyim.<\/p>\n\n\n\n<p><\/p>\n\n\n\n<h4 class=\"wp-block-heading\">Terapi tarz\u0131m:<\/h4>\n\n\n\n<p>Dan\u0131\u015fanlar\u0131m\u0131n kendini rahat ve g\u00fcvende hissedebilece\u011fi bir g\u00f6r\u00fc\u015fme ortam\u0131 yaratmaya \u00e7al\u0131\u015f\u0131yorum. Her \u015feyden \u00f6nde, \"sizin hikayenizi\" merakla dinlemek i\u00e7in buraday\u0131m. Temelde \u015funa inan\u0131yorum: seans s\u0131ras\u0131nda odada iki uzman olarak bulunuyoruz. Sizler sizin hayat\u0131n\u0131z\u0131n uzman\u0131 ben de psikoloji uzman\u0131 olarak iki e\u015fit uzman olarak, m\u00fcttefik olarak sizin i\u00e7in \u00e7al\u0131\u015f\u0131yoruz... <\/p>\n\n\n\n<p>S\u0131n\u0131rlar\u0131n\u0131za sayg\u0131 duymaya, sizin h\u0131z\u0131n\u0131zda ilerlemeye ve sizi oldu\u011funuz gibi kabul etmeye kararl\u0131y\u0131m. Seanslar s\u0131ras\u0131nda, m\u00fckemmel ya da duygusuz g\u00f6r\u00fcnmek yerine, bir m\u00fckemmel olmayan ve duygular\u0131 olan insan olarak bulunuyorum. Ayn\u0131 zamanda, etkili teknikler ve esneklikle, birlikte olu\u015fturaca\u011f\u0131m\u0131z terapi plan\u0131m\u0131za sad\u0131k kalarak devam edece\u011fiz. Seanslar ilerledik\u00e7e, bu plan\u0131 g\u00fcncelleyebiliriz. Terapi konusunda iyi k\u00f6t\u00fc her duygunuzu ifade edebilirsiniz ve bunlar\u0131 konu\u015fabiliriz. <\/p>\n\n\n\n<p>Amac\u0131m, duygu, d\u00fc\u015f\u00fcnce ve davran\u0131\u015flar\u0131n\u0131z\u0131 anlamland\u0131rman\u0131za yard\u0131mc\u0131 olmak. \u0130\u00e7g\u00f6r\u00fc kazanarak, uyumsuz ba\u015fa \u00e7\u0131kma bi\u00e7imleri yerine daha sa\u011fl\u0131kl\u0131 davran\u0131\u015flar\u0131 benimsemenizde ve zorluklarla ba\u015fa \u00e7\u0131kman\u0131zda sizi desteklemek. Yararl\u0131 bir terapi s\u00fcreci diliyorum... <\/p>\n\n\n\n<p><\/p>\n\n\n\n<figure class=\"wp-block-pullquote\"><blockquote><p>Bizi yaralayan (sa\u011fl\u0131ks\u0131z) ili\u015fkilerdir. Ayn\u0131 \u015fekilde, bizi iyile\u015ftirecek olan da (sa\u011fl\u0131kl\u0131) ili\u015fkiler olacakt\u0131r.<\/p><cite>Dr. Harville Hendrix<\/cite><\/blockquote><\/figure>\n\n\n\n<p><\/p>","protected":false},"excerpt":{"rendered":"<p>Hello! My name is Cevdet and I am a psychologist (therapist). I obtained my master&#8217;s degree from Leiden University. Moreover, I am trained in Cognitive Behavioral Therapy, EMDR and Schema Therapy. My journey started in Istanbul, Turkey where I was born and raised. Later, I moved to Ankara for my [&hellip;]<\/p>\n","protected":false},"author":1,"featured_media":933,"parent":0,"menu_order":0,"comment_status":"closed","ping_status":"closed","template":"","meta":{"footnotes":""},"class_list":["post-181","page","type-page","status-publish","has-post-thumbnail","hentry"],"featured_image_src":"https:\/\/expatpsychology.nl\/wp-content\/uploads\/2023\/09\/lauren-mancke-rm5DbquteoY-unsplash-scaled.jpg","yoast_head":"<!-- This site is optimized with the Yoast SEO plugin v27.3 - https:\/\/yoast.com\/product\/yoast-seo-wordpress\/ -->\n<title>The Psychologist - Sanus Psychology Practice<\/title>\n<meta name=\"robots\" content=\"index, follow, max-snippet:-1, max-image-preview:large, max-video-preview:-1\" \/>\n<link rel=\"canonical\" href=\"https:\/\/expatpsychology.nl\/tr\/about-me\/\" \/>\n<meta property=\"og:locale\" content=\"tr_TR\" \/>\n<meta property=\"og:type\" content=\"article\" \/>\n<meta property=\"og:title\" content=\"The Psychologist - Sanus Psychology Practice\" \/>\n<meta property=\"og:description\" content=\"Hello! My name is Cevdet and I am a psychologist (therapist). I obtained my master&#8217;s degree from Leiden University. Moreover, I am trained in Cognitive Behavioral Therapy, EMDR and Schema Therapy. My journey started in Istanbul, Turkey where I was born and raised. Later, I moved to Ankara for my [&hellip;]\" \/>\n<meta property=\"og:url\" content=\"https:\/\/expatpsychology.nl\/tr\/about-me\/\" \/>\n<meta property=\"og:site_name\" content=\"Sanus Psychology Practice\" \/>\n<meta property=\"article:publisher\" content=\"https:\/\/www.facebook.com\/psk.cevdet.acarsoy\" \/>\n<meta property=\"article:modified_time\" content=\"2026-02-18T15:14:58+00:00\" \/>\n<meta property=\"og:image\" content=\"https:\/\/expatpsychology.nl\/wp-content\/uploads\/2023\/06\/New-Project-2.png\" \/>\n\t<meta property=\"og:image:width\" content=\"2560\" \/>\n\t<meta property=\"og:image:height\" content=\"1440\" \/>\n\t<meta property=\"og:image:type\" content=\"image\/png\" \/>\n<meta name=\"twitter:card\" content=\"summary_large_image\" \/>\n<meta name=\"twitter:image\" content=\"https:\/\/expatpsychology.nl\/wp-content\/uploads\/2023\/06\/New-Project-2.png\" \/>\n<meta name=\"twitter:site\" content=\"@CevdetAcarsoy\" \/>\n<meta name=\"twitter:label1\" content=\"Tahmini okuma s\u00fcresi\" \/>\n\t<meta name=\"twitter:data1\" content=\"3 dakika\" \/>\n<script type=\"application\/ld+json\" class=\"yoast-schema-graph\">{\"@context\":\"https:\\\/\\\/schema.org\",\"@graph\":[{\"@type\":\"WebPage\",\"@id\":\"https:\\\/\\\/expatpsychology.nl\\\/about-me\\\/\",\"url\":\"https:\\\/\\\/expatpsychology.nl\\\/about-me\\\/\",\"name\":\"The Psychologist - Sanus Psychology Practice\",\"isPartOf\":{\"@id\":\"https:\\\/\\\/expatpsychology.nl\\\/#website\"},\"primaryImageOfPage\":{\"@id\":\"https:\\\/\\\/expatpsychology.nl\\\/about-me\\\/#primaryimage\"},\"image\":{\"@id\":\"https:\\\/\\\/expatpsychology.nl\\\/about-me\\\/#primaryimage\"},\"thumbnailUrl\":\"https:\\\/\\\/expatpsychology.nl\\\/wp-content\\\/uploads\\\/2023\\\/09\\\/lauren-mancke-rm5DbquteoY-unsplash-scaled.jpg\",\"datePublished\":\"2022-01-13T15:35:16+00:00\",\"dateModified\":\"2026-02-18T15:14:58+00:00\",\"breadcrumb\":{\"@id\":\"https:\\\/\\\/expatpsychology.nl\\\/about-me\\\/#breadcrumb\"},\"inLanguage\":\"tr\",\"potentialAction\":[{\"@type\":\"ReadAction\",\"target\":[\"https:\\\/\\\/expatpsychology.nl\\\/about-me\\\/\"]}]},{\"@type\":\"ImageObject\",\"inLanguage\":\"tr\",\"@id\":\"https:\\\/\\\/expatpsychology.nl\\\/about-me\\\/#primaryimage\",\"url\":\"https:\\\/\\\/expatpsychology.nl\\\/wp-content\\\/uploads\\\/2023\\\/09\\\/lauren-mancke-rm5DbquteoY-unsplash-scaled.jpg\",\"contentUrl\":\"https:\\\/\\\/expatpsychology.nl\\\/wp-content\\\/uploads\\\/2023\\\/09\\\/lauren-mancke-rm5DbquteoY-unsplash-scaled.jpg\",\"width\":2560,\"height\":1659},{\"@type\":\"BreadcrumbList\",\"@id\":\"https:\\\/\\\/expatpsychology.nl\\\/about-me\\\/#breadcrumb\",\"itemListElement\":[{\"@type\":\"ListItem\",\"position\":1,\"name\":\"Home\",\"item\":\"https:\\\/\\\/expatpsychology.nl\\\/\"},{\"@type\":\"ListItem\",\"position\":2,\"name\":\"The Psychologist\"}]},{\"@type\":\"WebSite\",\"@id\":\"https:\\\/\\\/expatpsychology.nl\\\/#website\",\"url\":\"https:\\\/\\\/expatpsychology.nl\\\/\",\"name\":\"Sanus Psychology\",\"description\":\"Therapy for Expats and Internationals\",\"publisher\":{\"@id\":\"https:\\\/\\\/expatpsychology.nl\\\/#organization\"},\"alternateName\":\"Expat Psychology\",\"potentialAction\":[{\"@type\":\"SearchAction\",\"target\":{\"@type\":\"EntryPoint\",\"urlTemplate\":\"https:\\\/\\\/expatpsychology.nl\\\/?s={search_term_string}\"},\"query-input\":{\"@type\":\"PropertyValueSpecification\",\"valueRequired\":true,\"valueName\":\"search_term_string\"}}],\"inLanguage\":\"tr\"},{\"@type\":\"Organization\",\"@id\":\"https:\\\/\\\/expatpsychology.nl\\\/#organization\",\"name\":\"Sanus Psychology Practice\",\"alternateName\":\"Expat Psychology\",\"url\":\"https:\\\/\\\/expatpsychology.nl\\\/\",\"logo\":{\"@type\":\"ImageObject\",\"inLanguage\":\"tr\",\"@id\":\"https:\\\/\\\/expatpsychology.nl\\\/#\\\/schema\\\/logo\\\/image\\\/\",\"url\":\"https:\\\/\\\/expatpsychology.nl\\\/wp-content\\\/uploads\\\/2022\\\/01\\\/logo_text_vertical.png\",\"contentUrl\":\"https:\\\/\\\/expatpsychology.nl\\\/wp-content\\\/uploads\\\/2022\\\/01\\\/logo_text_vertical.png\",\"width\":5000,\"height\":5000,\"caption\":\"Sanus Psychology Practice\"},\"image\":{\"@id\":\"https:\\\/\\\/expatpsychology.nl\\\/#\\\/schema\\\/logo\\\/image\\\/\"},\"sameAs\":[\"https:\\\/\\\/www.facebook.com\\\/psk.cevdet.acarsoy\",\"https:\\\/\\\/x.com\\\/CevdetAcarsoy\",\"https:\\\/\\\/www.instagram.com\\\/psy.cevdet.acarsoy\\\/\",\"https:\\\/\\\/www.linkedin.com\\\/company\\\/78763336\",\"https:\\\/\\\/www.youtube.com\\\/c\\\/PsikologCevdetAcarsoy\"]}]}<\/script>\n<!-- \/ Yoast SEO plugin. -->","yoast_head_json":{"title":"The Psychologist - Sanus Psychology Practice","robots":{"index":"index","follow":"follow","max-snippet":"max-snippet:-1","max-image-preview":"max-image-preview:large","max-video-preview":"max-video-preview:-1"},"canonical":"https:\/\/expatpsychology.nl\/tr\/about-me\/","og_locale":"tr_TR","og_type":"article","og_title":"The Psychologist - Sanus Psychology Practice","og_description":"Hello! My name is Cevdet and I am a psychologist (therapist). I obtained my master&#8217;s degree from Leiden University. Moreover, I am trained in Cognitive Behavioral Therapy, EMDR and Schema Therapy. My journey started in Istanbul, Turkey where I was born and raised. Later, I moved to Ankara for my [&hellip;]","og_url":"https:\/\/expatpsychology.nl\/tr\/about-me\/","og_site_name":"Sanus Psychology Practice","article_publisher":"https:\/\/www.facebook.com\/psk.cevdet.acarsoy","article_modified_time":"2026-02-18T15:14:58+00:00","og_image":[{"width":2560,"height":1440,"url":"https:\/\/expatpsychology.nl\/wp-content\/uploads\/2023\/06\/New-Project-2.png","type":"image\/png"}],"twitter_card":"summary_large_image","twitter_image":"https:\/\/expatpsychology.nl\/wp-content\/uploads\/2023\/06\/New-Project-2.png","twitter_site":"@CevdetAcarsoy","twitter_misc":{"Tahmini okuma s\u00fcresi":"3 dakika"},"schema":{"@context":"https:\/\/schema.org","@graph":[{"@type":"WebPage","@id":"https:\/\/expatpsychology.nl\/about-me\/","url":"https:\/\/expatpsychology.nl\/about-me\/","name":"The Psychologist - Sanus Psychology Practice","isPartOf":{"@id":"https:\/\/expatpsychology.nl\/#website"},"primaryImageOfPage":{"@id":"https:\/\/expatpsychology.nl\/about-me\/#primaryimage"},"image":{"@id":"https:\/\/expatpsychology.nl\/about-me\/#primaryimage"},"thumbnailUrl":"https:\/\/expatpsychology.nl\/wp-content\/uploads\/2023\/09\/lauren-mancke-rm5DbquteoY-unsplash-scaled.jpg","datePublished":"2022-01-13T15:35:16+00:00","dateModified":"2026-02-18T15:14:58+00:00","breadcrumb":{"@id":"https:\/\/expatpsychology.nl\/about-me\/#breadcrumb"},"inLanguage":"tr","potentialAction":[{"@type":"ReadAction","target":["https:\/\/expatpsychology.nl\/about-me\/"]}]},{"@type":"ImageObject","inLanguage":"tr","@id":"https:\/\/expatpsychology.nl\/about-me\/#primaryimage","url":"https:\/\/expatpsychology.nl\/wp-content\/uploads\/2023\/09\/lauren-mancke-rm5DbquteoY-unsplash-scaled.jpg","contentUrl":"https:\/\/expatpsychology.nl\/wp-content\/uploads\/2023\/09\/lauren-mancke-rm5DbquteoY-unsplash-scaled.jpg","width":2560,"height":1659},{"@type":"BreadcrumbList","@id":"https:\/\/expatpsychology.nl\/about-me\/#breadcrumb","itemListElement":[{"@type":"ListItem","position":1,"name":"Home","item":"https:\/\/expatpsychology.nl\/"},{"@type":"ListItem","position":2,"name":"The Psychologist"}]},{"@type":"WebSite","@id":"https:\/\/expatpsychology.nl\/#website","url":"https:\/\/expatpsychology.nl\/","name":"Sanus Psychology","description":"Therapy for Expats and Internationals","publisher":{"@id":"https:\/\/expatpsychology.nl\/#organization"},"alternateName":"Expat Psychology","potentialAction":[{"@type":"SearchAction","target":{"@type":"EntryPoint","urlTemplate":"https:\/\/expatpsychology.nl\/?s={search_term_string}"},"query-input":{"@type":"PropertyValueSpecification","valueRequired":true,"valueName":"search_term_string"}}],"inLanguage":"tr"},{"@type":"Organization","@id":"https:\/\/expatpsychology.nl\/#organization","name":"Sanus Psychology","alternateName":"Expat Psychology","url":"https:\/\/expatpsychology.nl\/","logo":{"@type":"ImageObject","inLanguage":"tr","@id":"https:\/\/expatpsychology.nl\/#\/schema\/logo\/image\/","url":"https:\/\/expatpsychology.nl\/wp-content\/uploads\/2022\/01\/logo_text_vertical.png","contentUrl":"https:\/\/expatpsychology.nl\/wp-content\/uploads\/2022\/01\/logo_text_vertical.png","width":5000,"height":5000,"caption":"Sanus Psychology Practice"},"image":{"@id":"https:\/\/expatpsychology.nl\/#\/schema\/logo\/image\/"},"sameAs":["https:\/\/www.facebook.com\/psk.cevdet.acarsoy","https:\/\/x.com\/CevdetAcarsoy","https:\/\/www.instagram.com\/psy.cevdet.acarsoy\/","https:\/\/www.linkedin.com\/company\/78763336","https:\/\/www.youtube.com\/c\/PsikologCevdetAcarsoy"]}]}},"jetpack_sharing_enabled":true,"_links":{"self":[{"href":"https:\/\/expatpsychology.nl\/tr\/wp-json\/wp\/v2\/pages\/181","targetHints":{"allow":["GET"]}}],"collection":[{"href":"https:\/\/expatpsychology.nl\/tr\/wp-json\/wp\/v2\/pages"}],"about":[{"href":"https:\/\/expatpsychology.nl\/tr\/wp-json\/wp\/v2\/types\/page"}],"author":[{"embeddable":true,"href":"https:\/\/expatpsychology.nl\/tr\/wp-json\/wp\/v2\/users\/1"}],"replies":[{"embeddable":true,"href":"https:\/\/expatpsychology.nl\/tr\/wp-json\/wp\/v2\/comments?post=181"}],"version-history":[{"count":45,"href":"https:\/\/expatpsychology.nl\/tr\/wp-json\/wp\/v2\/pages\/181\/revisions"}],"predecessor-version":[{"id":1411,"href":"https:\/\/expatpsychology.nl\/tr\/wp-json\/wp\/v2\/pages\/181\/revisions\/1411"}],"wp:featuredmedia":[{"embeddable":true,"href":"https:\/\/expatpsychology.nl\/tr\/wp-json\/wp\/v2\/media\/933"}],"wp:attachment":[{"href":"https:\/\/expatpsychology.nl\/tr\/wp-json\/wp\/v2\/media?parent=181"}],"curies":[{"name":"wp","href":"https:\/\/api.w.org\/{rel}","templated":true}]}}