{"id":182,"date":"2022-01-13T15:35:16","date_gmt":"2022-01-13T15:35:16","guid":{"rendered":"https:\/\/expatpsychology.nl\/?page_id=182"},"modified":"2022-01-19T23:53:27","modified_gmt":"2022-01-19T22:53:27","slug":"general-terms","status":"publish","type":"page","link":"https:\/\/expatpsychology.nl\/tr\/general-terms\/","title":{"rendered":"Genel Ko\u015fullar"},"content":{"rendered":"<p>Genel \u015eartlar ve Ko\u015fullar<\/p>\n\n\n\n<p>Sanus Psychology \u2013 psikolojik de\u011ferlendirme, terapi ve dan\u0131\u015fmanl\u0131k<\/p>\n\n\n\n<p>Madde 1<\/p>\n\n\n\n<p>Bu genel \u015fartlar ve ko\u015fullar, Sanus Psychology'de \u00e7al\u0131\u015fan Psikolog ile dan\u0131\u015fan aras\u0131nda hem s\u00f6zl\u00fc hem de yaz\u0131l\u0131 olarak yap\u0131lan t\u00fcm psikolojik de\u011ferlendirmeler, terapi ve dan\u0131\u015fmanl\u0131k anla\u015fmalar\u0131 i\u00e7in ge\u00e7erlidir.<\/p>\n\n\n\n<p>Madde 2<\/p>\n\n\n\n<p>Terapi s\u00f6zle\u015fmesinin yaz\u0131l\u0131 olarak kabul edilmesiyle bir anla\u015fma kurulur.<\/p>\n\n\n\n<p>Madde 3<\/p>\n\n\n\n<p>\u0130lk g\u00f6r\u00fc\u015fme veya terapi seans\u0131 i\u00e7inde s\u00f6zl\u00fc olarak da bir anla\u015fma yap\u0131labilir.<\/p>\n\n\n\n<p>Madde 4<\/p>\n\n\n\n<p>Sanus Psychology'nin sigorta \u015firketleri ile do\u011frudan bir anla\u015fmas\u0131 yoktur. Hangi masraflar\u0131n dan\u0131\u015fan\u0131n sigorta \u015firketi taraf\u0131ndan kar\u015f\u0131land\u0131\u011f\u0131n\u0131 ve sigorta \u015firketinin hangi ko\u015fullar\u0131 uygulad\u0131\u011f\u0131n\u0131 ara\u015ft\u0131rma sorumlulu\u011fu tamamen dan\u0131\u015fana aittir.<\/p>\n\n\n\n<p>Madde 5<\/p>\n\n\n\n<p>Psikolog, psikolojik de\u011ferlendirme, terapi ve\/veya dan\u0131\u015fmanl\u0131ktan sonra en ge\u00e7 30 g\u00fcn i\u00e7inde dan\u0131\u015fana bir fatura g\u00f6nderir.<\/p>\n\n\n\n<p>Madde 6<\/p>\n\n\n\n<p>\u00d6deme tercihen seans ba\u015flamadan \u00f6nce banka havalesi ya da iDeal linkil ile yap\u0131lmal\u0131d\u0131r. Psikolog, terapiden en ge\u00e7 30 g\u00fcn sonra dan\u0131\u015fana bir fatura g\u00f6nderir.<\/p>\n\n\n\n<p>Madde 7<\/p>\n\n\n\n<p>Fatura tarihinden itibaren 30 g\u00fcn i\u00e7inde \u00f6deme yap\u0131lmamas\u0131 durumunda, psikolog ilk \u00f6nce dan\u0131\u015fana \u00fccretsiz bir \u00f6deme hat\u0131rlat\u0131c\u0131s\u0131 g\u00f6nderir ve dan\u0131\u015fana ek \u00fccret \u00f6demeden iki hafta daha \u00f6deme yapma f\u0131rsat\u0131 verir. Bu mektupta dan\u0131\u015fan, \u00f6demenin geri al\u0131nmas\u0131yla ilgili tahsilat masraflar\u0131n\u0131n iki hafta sonra tahsil edilece\u011fi konusunda ve bu masraflar\u0131n ne kadar y\u00fcksek oldu\u011funu belirterek a\u00e7\u0131k\u00e7a uyar\u0131l\u0131r.<\/p>\n\n\n\n<p>Madde 8<\/p>\n\n\n\n<p>Dan\u0131\u015fan\u0131n \u00f6demede temerr\u00fcde d\u00fc\u015fmesi durumunda, psikolog ilk \u00f6nce dan\u0131\u015fana \u00fccretsiz bir \u00f6deme hat\u0131rlat\u0131c\u0131s\u0131 g\u00f6nderir ve dan\u0131\u015fana ek \u00fccret \u00f6demeden iki hafta daha \u00f6deme yapma f\u0131rsat\u0131 verir. Bu e-postada psikolog, dan\u0131\u015fan\u0131, \u00f6demenin geri al\u0131nmas\u0131yla ilgili tahsilat masraflar\u0131n\u0131n iki hafta sonra tahsil edilece\u011fi konusunda ve bu masraflar\u0131n ne kadar y\u00fcksek oldu\u011funu belirterek a\u00e7\u0131k\u00e7a uyar\u0131r.<\/p>\n\n\n\n<p>Madde 9<\/p>\n\n\n\n<p>Dan\u0131\u015fan, \u00f6deme hat\u0131rlatma tarihinden itibaren 14 g\u00fcn i\u00e7inde y\u00fck\u00fcml\u00fcl\u00fcklerini yerine getirmezse, psikolog herhangi bir bildirimde bulunmaks\u0131z\u0131n tahsilat \u00f6nlemleri alma veya \u00fc\u00e7\u00fcnc\u00fc \u015fah\u0131slara yapt\u0131rma hakk\u0131na sahiptir.<\/p>\n\n\n\n<p>Madde 10<\/p>\n\n\n\n<p>Beyan edilen mebla\u011flar\u0131n tahsiline ili\u015fkin t\u00fcm yarg\u0131sal ve yarg\u0131 d\u0131\u015f\u0131 masraflar m\u00fc\u015fteriye aittir. Yarg\u0131 d\u0131\u015f\u0131 masraflar, en az 40 \u20ac olmak \u00fczere, talep edilecek miktar\u0131n en fazla y\u00fczde 15'i olarak belirlenir.<\/p>\n\n\n\n<p>Madde 11<\/p>\n\n\n\n<p>\u00d6demeyle ilgili tekrarlanan \u00e7at\u0131\u015fmalar, dan\u0131\u015fan ve psikolog aras\u0131ndaki g\u00fcven ili\u015fkisine \u00e7ok fazla y\u00fck getirebilir. Bu, nihayetinde psikolo\u011fun profesyonel ili\u015fkiyi ask\u0131ya almak veya sona erdirmek zorunda kalmas\u0131na neden olabilir, \u00e7\u00fcnk\u00fc sona erdirmek i\u00e7in \u201cciddi bir neden\u201d oldu\u011funa inanmaktad\u0131r.<\/p>\n\n\n\n<p>Madde 12<\/p>\n\n\n\n<p>Sanus Psychology'deki psikolo\u011funuz, Hollanda Psikoloji Enstit\u00fcs\u00fc (NIP) etik y\u00f6netmeli\u011fine ba\u011fl\u0131d\u0131r.<br><br><a href=\"https:\/\/www.psynip.nl\/en\/dutch-association-psychologists\/code-of-ethics\/brief-description-complaints-procedure\/\" target=\"_blank\" rel=\"noreferrer noopener\">https:\/\/www.psynip.nl\/en\/dutch-association-psychologists\/code-of-ethics\/brief-description-complaints-procedure\/<\/a><\/p>\n\n\n\n<p>Madde 13<\/p>\n\n\n\n<p>Psikolog gizlilik y\u00fck\u00fcml\u00fcl\u00fc\u011f\u00fcne sahiptir ve sadece sizin izniniz ile \u00fc\u00e7\u00fcnc\u00fc \u015fah\u0131slara bilgi verebilir. Psikolo\u011fun bu gizlilik y\u00fck\u00fcml\u00fcl\u00fc\u011f\u00fcn\u00fc sadece acil durumlarda (ge\u00e7mi\u015fte veya gelecekte kendine zarar verme, ba\u015fkalar\u0131na veya k\u00fc\u00e7\u00fcklere zarar verme olas\u0131l\u0131\u011f\u0131 olmas\u0131 durumunda) ihlal etmesine izin verilir. Meslekta\u015flarla isti\u015fare gerekliyse, bu meslekta\u015flar da bir gizlilik y\u00fck\u00fcml\u00fcl\u00fc\u011f\u00fcne tabi olduklar\u0131 s\u00fcrece, izniniz gerekli de\u011fildir.<\/p>\n\n\n\n<p>Madde 14<\/p>\n\n\n\n<p>Terapi\/dan\u0131\u015fmanl\u0131k seans\u0131n\u0131n s\u00fcresi 50 dakikad\u0131r.<\/p>\n\n\n\n<p>Madde 15<\/p>\n\n\n\n<p>Randevular psikolojik de\u011ferlendirme, terapi ve\/veya dan\u0131\u015fma seans\u0131ndan en ge\u00e7 24 saat \u00f6nce iptal edilmelidir. Randevudan \u00f6nceki 24 saat i\u00e7inde iptal veya hi\u00e7 iptal yap\u0131lmamas\u0131 durumunda psikolog, ayr\u0131lan s\u00fcre i\u00e7in dan\u0131\u015fandan \u00fccret talep etme hakk\u0131na sahiptir.<\/p>\n\n\n\n<p>Madde 16<\/p>\n\n\n\n<p>Psikolog randevuyu iptal ederse, dan\u0131\u015fan\u0131n seans i\u00e7in \u00f6deme yapma y\u00fck\u00fcml\u00fcl\u00fc\u011f\u00fc sona erecektir.<\/p>\n\n\n\n<p>Madde 17<\/p>\n\n\n\n<p>Sanus Psychology'nin \u015fikayet prosed\u00fcr\u00fc vard\u0131r, sunulan hizmetle ilgili \u015fikayetler varsa bunu psikolo\u011funuza bildirebilirsiniz. Sa\u011flanan hizmetlerle ilgili \u015fikayetler, dan\u0131\u015fan taraf\u0131ndan yaz\u0131l\u0131 olarak onaylanmal\u0131d\u0131r. \u015eikayette bulunmak dan\u0131\u015fan\u0131 \u00f6deme y\u00fck\u00fcml\u00fcl\u00fcklerinden kurtarmaz.<\/p>\n\n\n\n<p>Madde 18<\/p>\n\n\n\n<p>Bu s\u00f6zle\u015fme ancak yaz\u0131l\u0131 olarak feshedilebilir.<\/p>\n\n\n\n<p>Madde 19<\/p>\n\n\n\n<p>Sanus Psychology ile dan\u0131\u015fan aras\u0131nda bu h\u00fck\u00fcm ve ko\u015fullar ve bunlarla ilgili her \u015fey i\u00e7in Hollanda yasalar\u0131 ge\u00e7erlidir.<\/p>\n\n\n\n<p>Madde 20<\/p>\n\n\n\n<p>Sanus Psychology'nin bir kriz servisi yoktur. Kriz durumunda, ev doktorunuza (mesai saatleri i\u00e7inde) veya mesai saatleri d\u0131\u015f\u0131nda \u00e7al\u0131\u015fan di\u011fer ev doktoru merkezleri ile ileti\u015fime ge\u00e7melisiniz.<\/p>\n\n\n\n<p>Madde 21<\/p>\n\n\n\n<p>Online terapi s\u0131ras\u0131nda dan\u0131\u015fan yaln\u0131z kalmaktan, sessizlikten, mahremiyetten, iyi ayd\u0131nlatmadan ve internet h\u0131z\u0131ndan sorumludur. Ayr\u0131ca, ortak bir bilgisayar\/tablet\/telefon kullan\u0131lmas\u0131 durumunda veri g\u00fcvenli\u011finden, kullan\u0131c\u0131 ad\u0131 ve \u015fifresinin saklanmas\u0131ndan dan\u0131\u015fan sorumludur. Bu ko\u015fullar tam olarak sa\u011flanmad\u0131\u011f\u0131nda, dan\u0131\u015fan i\u00e7in terapi\/dan\u0131\u015fmanl\u0131\u011f\u0131n faydal\u0131 olmas\u0131n\u0131 sa\u011flamak i\u00e7in psikolo\u011fun seans\u0131 erken sonland\u0131rma hakk\u0131 vard\u0131r.<\/p>","protected":false},"excerpt":{"rendered":"<p>General Terms &amp; Conditions Sanus Psychology &#8211; psychological assessments, therapy and counselling Article 1 These general terms and conditions apply to all psychological assessments, therapy and counselling agreements, entered into both verbally and in writing, between the Psychologist working at Sanus Psychology and the client. Article 2 An agreement is [&hellip;]<\/p>\n","protected":false},"author":1,"featured_media":284,"parent":0,"menu_order":0,"comment_status":"closed","ping_status":"closed","template":"","meta":{"footnotes":""},"class_list":["post-182","page","type-page","status-publish","has-post-thumbnail","hentry"],"featured_image_src":"https:\/\/expatpsychology.nl\/wp-content\/uploads\/2022\/01\/New-Project-2.png","yoast_head":"<!-- This site is optimized with the Yoast SEO plugin v27.3 - https:\/\/yoast.com\/product\/yoast-seo-wordpress\/ -->\n<title>General Terms - Sanus Psychology Practice<\/title>\n<meta name=\"robots\" content=\"index, follow, max-snippet:-1, max-image-preview:large, max-video-preview:-1\" \/>\n<link rel=\"canonical\" href=\"https:\/\/expatpsychology.nl\/tr\/general-terms\/\" \/>\n<meta property=\"og:locale\" content=\"tr_TR\" \/>\n<meta property=\"og:type\" content=\"article\" \/>\n<meta property=\"og:title\" content=\"General Terms - Sanus Psychology Practice\" \/>\n<meta property=\"og:description\" content=\"General Terms &amp; Conditions Sanus Psychology &#8211; psychological assessments, therapy and counselling Article 1 These general terms and conditions apply to all psychological assessments, therapy and counselling agreements, entered into both verbally and in writing, between the Psychologist working at Sanus Psychology and the client. Article 2 An agreement is [&hellip;]\" \/>\n<meta property=\"og:url\" content=\"https:\/\/expatpsychology.nl\/tr\/general-terms\/\" \/>\n<meta property=\"og:site_name\" content=\"Sanus Psychology Practice\" \/>\n<meta property=\"article:publisher\" content=\"https:\/\/www.facebook.com\/psk.cevdet.acarsoy\" \/>\n<meta property=\"article:modified_time\" content=\"2022-01-19T22:53:27+00:00\" \/>\n<meta property=\"og:image\" content=\"https:\/\/expatpsychology.nl\/wp-content\/uploads\/2022\/01\/New-Project-2.png\" \/>\n\t<meta property=\"og:image:width\" content=\"5000\" \/>\n\t<meta property=\"og:image:height\" content=\"4000\" \/>\n\t<meta property=\"og:image:type\" content=\"image\/png\" \/>\n<meta name=\"twitter:card\" content=\"summary_large_image\" \/>\n<meta name=\"twitter:site\" content=\"@CevdetAcarsoy\" \/>\n<meta name=\"twitter:label1\" content=\"Tahmini okuma s\u00fcresi\" \/>\n\t<meta name=\"twitter:data1\" content=\"4 dakika\" \/>\n<script type=\"application\/ld+json\" class=\"yoast-schema-graph\">{\"@context\":\"https:\\\/\\\/schema.org\",\"@graph\":[{\"@type\":\"WebPage\",\"@id\":\"https:\\\/\\\/expatpsychology.nl\\\/general-terms\\\/\",\"url\":\"https:\\\/\\\/expatpsychology.nl\\\/general-terms\\\/\",\"name\":\"General Terms - Sanus Psychology Practice\",\"isPartOf\":{\"@id\":\"https:\\\/\\\/expatpsychology.nl\\\/#website\"},\"primaryImageOfPage\":{\"@id\":\"https:\\\/\\\/expatpsychology.nl\\\/general-terms\\\/#primaryimage\"},\"image\":{\"@id\":\"https:\\\/\\\/expatpsychology.nl\\\/general-terms\\\/#primaryimage\"},\"thumbnailUrl\":\"https:\\\/\\\/expatpsychology.nl\\\/wp-content\\\/uploads\\\/2022\\\/01\\\/New-Project-2.png\",\"datePublished\":\"2022-01-13T15:35:16+00:00\",\"dateModified\":\"2022-01-19T22:53:27+00:00\",\"breadcrumb\":{\"@id\":\"https:\\\/\\\/expatpsychology.nl\\\/general-terms\\\/#breadcrumb\"},\"inLanguage\":\"tr\",\"potentialAction\":[{\"@type\":\"ReadAction\",\"target\":[\"https:\\\/\\\/expatpsychology.nl\\\/general-terms\\\/\"]}]},{\"@type\":\"ImageObject\",\"inLanguage\":\"tr\",\"@id\":\"https:\\\/\\\/expatpsychology.nl\\\/general-terms\\\/#primaryimage\",\"url\":\"https:\\\/\\\/expatpsychology.nl\\\/wp-content\\\/uploads\\\/2022\\\/01\\\/New-Project-2.png\",\"contentUrl\":\"https:\\\/\\\/expatpsychology.nl\\\/wp-content\\\/uploads\\\/2022\\\/01\\\/New-Project-2.png\",\"width\":5000,\"height\":4000},{\"@type\":\"BreadcrumbList\",\"@id\":\"https:\\\/\\\/expatpsychology.nl\\\/general-terms\\\/#breadcrumb\",\"itemListElement\":[{\"@type\":\"ListItem\",\"position\":1,\"name\":\"Home\",\"item\":\"https:\\\/\\\/expatpsychology.nl\\\/\"},{\"@type\":\"ListItem\",\"position\":2,\"name\":\"General Terms\"}]},{\"@type\":\"WebSite\",\"@id\":\"https:\\\/\\\/expatpsychology.nl\\\/#website\",\"url\":\"https:\\\/\\\/expatpsychology.nl\\\/\",\"name\":\"Sanus Psychology\",\"description\":\"Therapy for Expats and Internationals\",\"publisher\":{\"@id\":\"https:\\\/\\\/expatpsychology.nl\\\/#organization\"},\"alternateName\":\"Expat Psychology\",\"potentialAction\":[{\"@type\":\"SearchAction\",\"target\":{\"@type\":\"EntryPoint\",\"urlTemplate\":\"https:\\\/\\\/expatpsychology.nl\\\/?s={search_term_string}\"},\"query-input\":{\"@type\":\"PropertyValueSpecification\",\"valueRequired\":true,\"valueName\":\"search_term_string\"}}],\"inLanguage\":\"tr\"},{\"@type\":\"Organization\",\"@id\":\"https:\\\/\\\/expatpsychology.nl\\\/#organization\",\"name\":\"Sanus Psychology Practice\",\"alternateName\":\"Expat Psychology\",\"url\":\"https:\\\/\\\/expatpsychology.nl\\\/\",\"logo\":{\"@type\":\"ImageObject\",\"inLanguage\":\"tr\",\"@id\":\"https:\\\/\\\/expatpsychology.nl\\\/#\\\/schema\\\/logo\\\/image\\\/\",\"url\":\"https:\\\/\\\/expatpsychology.nl\\\/wp-content\\\/uploads\\\/2022\\\/01\\\/logo_text_vertical.png\",\"contentUrl\":\"https:\\\/\\\/expatpsychology.nl\\\/wp-content\\\/uploads\\\/2022\\\/01\\\/logo_text_vertical.png\",\"width\":5000,\"height\":5000,\"caption\":\"Sanus Psychology Practice\"},\"image\":{\"@id\":\"https:\\\/\\\/expatpsychology.nl\\\/#\\\/schema\\\/logo\\\/image\\\/\"},\"sameAs\":[\"https:\\\/\\\/www.facebook.com\\\/psk.cevdet.acarsoy\",\"https:\\\/\\\/x.com\\\/CevdetAcarsoy\",\"https:\\\/\\\/www.instagram.com\\\/psy.cevdet.acarsoy\\\/\",\"https:\\\/\\\/www.linkedin.com\\\/company\\\/78763336\",\"https:\\\/\\\/www.youtube.com\\\/c\\\/PsikologCevdetAcarsoy\"]}]}<\/script>\n<!-- \/ Yoast SEO plugin. -->","yoast_head_json":{"title":"General Terms - Sanus Psychology Practice","robots":{"index":"index","follow":"follow","max-snippet":"max-snippet:-1","max-image-preview":"max-image-preview:large","max-video-preview":"max-video-preview:-1"},"canonical":"https:\/\/expatpsychology.nl\/tr\/general-terms\/","og_locale":"tr_TR","og_type":"article","og_title":"General Terms - Sanus Psychology Practice","og_description":"General Terms &amp; Conditions Sanus Psychology &#8211; psychological assessments, therapy and counselling Article 1 These general terms and conditions apply to all psychological assessments, therapy and counselling agreements, entered into both verbally and in writing, between the Psychologist working at Sanus Psychology and the client. Article 2 An agreement is [&hellip;]","og_url":"https:\/\/expatpsychology.nl\/tr\/general-terms\/","og_site_name":"Sanus Psychology Practice","article_publisher":"https:\/\/www.facebook.com\/psk.cevdet.acarsoy","article_modified_time":"2022-01-19T22:53:27+00:00","og_image":[{"width":5000,"height":4000,"url":"https:\/\/expatpsychology.nl\/wp-content\/uploads\/2022\/01\/New-Project-2.png","type":"image\/png"}],"twitter_card":"summary_large_image","twitter_site":"@CevdetAcarsoy","twitter_misc":{"Tahmini okuma s\u00fcresi":"4 dakika"},"schema":{"@context":"https:\/\/schema.org","@graph":[{"@type":"WebPage","@id":"https:\/\/expatpsychology.nl\/general-terms\/","url":"https:\/\/expatpsychology.nl\/general-terms\/","name":"General Terms - Sanus Psychology Practice","isPartOf":{"@id":"https:\/\/expatpsychology.nl\/#website"},"primaryImageOfPage":{"@id":"https:\/\/expatpsychology.nl\/general-terms\/#primaryimage"},"image":{"@id":"https:\/\/expatpsychology.nl\/general-terms\/#primaryimage"},"thumbnailUrl":"https:\/\/expatpsychology.nl\/wp-content\/uploads\/2022\/01\/New-Project-2.png","datePublished":"2022-01-13T15:35:16+00:00","dateModified":"2022-01-19T22:53:27+00:00","breadcrumb":{"@id":"https:\/\/expatpsychology.nl\/general-terms\/#breadcrumb"},"inLanguage":"tr","potentialAction":[{"@type":"ReadAction","target":["https:\/\/expatpsychology.nl\/general-terms\/"]}]},{"@type":"ImageObject","inLanguage":"tr","@id":"https:\/\/expatpsychology.nl\/general-terms\/#primaryimage","url":"https:\/\/expatpsychology.nl\/wp-content\/uploads\/2022\/01\/New-Project-2.png","contentUrl":"https:\/\/expatpsychology.nl\/wp-content\/uploads\/2022\/01\/New-Project-2.png","width":5000,"height":4000},{"@type":"BreadcrumbList","@id":"https:\/\/expatpsychology.nl\/general-terms\/#breadcrumb","itemListElement":[{"@type":"ListItem","position":1,"name":"Home","item":"https:\/\/expatpsychology.nl\/"},{"@type":"ListItem","position":2,"name":"General Terms"}]},{"@type":"WebSite","@id":"https:\/\/expatpsychology.nl\/#website","url":"https:\/\/expatpsychology.nl\/","name":"Sanus Psychology","description":"Therapy for Expats and Internationals","publisher":{"@id":"https:\/\/expatpsychology.nl\/#organization"},"alternateName":"Expat Psychology","potentialAction":[{"@type":"SearchAction","target":{"@type":"EntryPoint","urlTemplate":"https:\/\/expatpsychology.nl\/?s={search_term_string}"},"query-input":{"@type":"PropertyValueSpecification","valueRequired":true,"valueName":"search_term_string"}}],"inLanguage":"tr"},{"@type":"Organization","@id":"https:\/\/expatpsychology.nl\/#organization","name":"Sanus Psychology","alternateName":"Expat Psychology","url":"https:\/\/expatpsychology.nl\/","logo":{"@type":"ImageObject","inLanguage":"tr","@id":"https:\/\/expatpsychology.nl\/#\/schema\/logo\/image\/","url":"https:\/\/expatpsychology.nl\/wp-content\/uploads\/2022\/01\/logo_text_vertical.png","contentUrl":"https:\/\/expatpsychology.nl\/wp-content\/uploads\/2022\/01\/logo_text_vertical.png","width":5000,"height":5000,"caption":"Sanus Psychology Practice"},"image":{"@id":"https:\/\/expatpsychology.nl\/#\/schema\/logo\/image\/"},"sameAs":["https:\/\/www.facebook.com\/psk.cevdet.acarsoy","https:\/\/x.com\/CevdetAcarsoy","https:\/\/www.instagram.com\/psy.cevdet.acarsoy\/","https:\/\/www.linkedin.com\/company\/78763336","https:\/\/www.youtube.com\/c\/PsikologCevdetAcarsoy"]}]}},"jetpack_sharing_enabled":true,"_links":{"self":[{"href":"https:\/\/expatpsychology.nl\/tr\/wp-json\/wp\/v2\/pages\/182","targetHints":{"allow":["GET"]}}],"collection":[{"href":"https:\/\/expatpsychology.nl\/tr\/wp-json\/wp\/v2\/pages"}],"about":[{"href":"https:\/\/expatpsychology.nl\/tr\/wp-json\/wp\/v2\/types\/page"}],"author":[{"embeddable":true,"href":"https:\/\/expatpsychology.nl\/tr\/wp-json\/wp\/v2\/users\/1"}],"replies":[{"embeddable":true,"href":"https:\/\/expatpsychology.nl\/tr\/wp-json\/wp\/v2\/comments?post=182"}],"version-history":[{"count":3,"href":"https:\/\/expatpsychology.nl\/tr\/wp-json\/wp\/v2\/pages\/182\/revisions"}],"predecessor-version":[{"id":362,"href":"https:\/\/expatpsychology.nl\/tr\/wp-json\/wp\/v2\/pages\/182\/revisions\/362"}],"wp:featuredmedia":[{"embeddable":true,"href":"https:\/\/expatpsychology.nl\/tr\/wp-json\/wp\/v2\/media\/284"}],"wp:attachment":[{"href":"https:\/\/expatpsychology.nl\/tr\/wp-json\/wp\/v2\/media?parent=182"}],"curies":[{"name":"wp","href":"https:\/\/api.w.org\/{rel}","templated":true}]}}