{"id":184,"date":"2022-01-13T15:35:16","date_gmt":"2022-01-13T15:35:16","guid":{"rendered":"https:\/\/expatpsychology.nl\/?page_id=184"},"modified":"2022-01-20T00:21:00","modified_gmt":"2022-01-19T23:21:00","slug":"complaints-and-suggestions","status":"publish","type":"page","link":"https:\/\/expatpsychology.nl\/tr\/complaints-and-suggestions\/","title":{"rendered":"\u015eikayet Prosed\u00fcr\u00fc"},"content":{"rendered":"<p>Sanus Psychology'nin \u015fikayet prosed\u00fcr\u00fc vard\u0131r, sunulan bak\u0131mla ilgili \u015fikayetler varsa bunu psikolo\u011funuza bildirebilirsiniz. Memnuniyetinizi kar\u015f\u0131lamak i\u00e7in ve sorunu \u00e7\u00f6zmek i\u00e7in elinden geleni yapacakt\u0131r. <\/p>\n\n\n\n<p>Yine de memnun de\u011filseniz, dan\u0131\u015fanlar ve psikologlar kendileri bir \u00e7\u00f6z\u00fcme ula\u015famazlarsa, anla\u015fmazl\u0131klar\u0131 \u00e7\u00f6zmekle g\u00f6revli devlet kurulu\u015fu \u201cDe Geschillencommissie Zorg\u201da \u015fikayette bulunma hakk\u0131n\u0131z vard\u0131r. Kurulu\u015fun internet sitesinde \u015fikayette bulunabilirsiniz: <a rel=\"noreferrer noopener\" href=\"https:\/\/www.degeschillencommissiezorg.nl\" target=\"_blank\">https:\/\/www.degeschillencommissiezorg.nl<\/a><\/p>","protected":false},"excerpt":{"rendered":"<p>Sanus Psychology has a complaints procedure, if there are complaints about the care offered within the practice, you can make this known to your psychologist. He will do his best to solve the issue to accommodate your satisfaction. If you are still dissatisfied, you are eligible to file a complaint [&hellip;]<\/p>\n","protected":false},"author":1,"featured_media":284,"parent":0,"menu_order":0,"comment_status":"closed","ping_status":"closed","template":"","meta":{"footnotes":""},"class_list":["post-184","page","type-page","status-publish","has-post-thumbnail","hentry"],"featured_image_src":"https:\/\/expatpsychology.nl\/wp-content\/uploads\/2022\/01\/New-Project-2.png","yoast_head":"<!-- This site is optimized with the Yoast SEO plugin v27.3 - https:\/\/yoast.com\/product\/yoast-seo-wordpress\/ -->\n<title>Complaints Procedure - Sanus Psychology Practice<\/title>\n<meta name=\"robots\" content=\"index, follow, max-snippet:-1, max-image-preview:large, max-video-preview:-1\" \/>\n<link rel=\"canonical\" href=\"https:\/\/expatpsychology.nl\/tr\/complaints-and-suggestions\/\" \/>\n<meta property=\"og:locale\" content=\"tr_TR\" \/>\n<meta property=\"og:type\" content=\"article\" \/>\n<meta property=\"og:title\" content=\"Complaints Procedure - Sanus Psychology Practice\" \/>\n<meta property=\"og:description\" content=\"Sanus Psychology has a complaints procedure, if there are complaints about the care offered within the practice, you can make this known to your psychologist. He will do his best to solve the issue to accommodate your satisfaction. If you are still dissatisfied, you are eligible to file a complaint [&hellip;]\" \/>\n<meta property=\"og:url\" content=\"https:\/\/expatpsychology.nl\/tr\/complaints-and-suggestions\/\" \/>\n<meta property=\"og:site_name\" content=\"Sanus Psychology Practice\" \/>\n<meta property=\"article:publisher\" content=\"https:\/\/www.facebook.com\/psk.cevdet.acarsoy\" \/>\n<meta property=\"article:modified_time\" content=\"2022-01-19T23:21:00+00:00\" \/>\n<meta property=\"og:image\" content=\"https:\/\/expatpsychology.nl\/wp-content\/uploads\/2022\/01\/New-Project-2.png\" \/>\n\t<meta property=\"og:image:width\" content=\"5000\" \/>\n\t<meta property=\"og:image:height\" content=\"4000\" \/>\n\t<meta property=\"og:image:type\" content=\"image\/png\" \/>\n<meta name=\"twitter:card\" content=\"summary_large_image\" \/>\n<meta name=\"twitter:site\" content=\"@CevdetAcarsoy\" \/>\n<script type=\"application\/ld+json\" class=\"yoast-schema-graph\">{\"@context\":\"https:\\\/\\\/schema.org\",\"@graph\":[{\"@type\":\"WebPage\",\"@id\":\"https:\\\/\\\/expatpsychology.nl\\\/complaints-and-suggestions\\\/\",\"url\":\"https:\\\/\\\/expatpsychology.nl\\\/complaints-and-suggestions\\\/\",\"name\":\"Complaints Procedure - Sanus Psychology Practice\",\"isPartOf\":{\"@id\":\"https:\\\/\\\/expatpsychology.nl\\\/#website\"},\"primaryImageOfPage\":{\"@id\":\"https:\\\/\\\/expatpsychology.nl\\\/complaints-and-suggestions\\\/#primaryimage\"},\"image\":{\"@id\":\"https:\\\/\\\/expatpsychology.nl\\\/complaints-and-suggestions\\\/#primaryimage\"},\"thumbnailUrl\":\"https:\\\/\\\/expatpsychology.nl\\\/wp-content\\\/uploads\\\/2022\\\/01\\\/New-Project-2.png\",\"datePublished\":\"2022-01-13T15:35:16+00:00\",\"dateModified\":\"2022-01-19T23:21:00+00:00\",\"breadcrumb\":{\"@id\":\"https:\\\/\\\/expatpsychology.nl\\\/complaints-and-suggestions\\\/#breadcrumb\"},\"inLanguage\":\"tr\",\"potentialAction\":[{\"@type\":\"ReadAction\",\"target\":[\"https:\\\/\\\/expatpsychology.nl\\\/complaints-and-suggestions\\\/\"]}]},{\"@type\":\"ImageObject\",\"inLanguage\":\"tr\",\"@id\":\"https:\\\/\\\/expatpsychology.nl\\\/complaints-and-suggestions\\\/#primaryimage\",\"url\":\"https:\\\/\\\/expatpsychology.nl\\\/wp-content\\\/uploads\\\/2022\\\/01\\\/New-Project-2.png\",\"contentUrl\":\"https:\\\/\\\/expatpsychology.nl\\\/wp-content\\\/uploads\\\/2022\\\/01\\\/New-Project-2.png\",\"width\":5000,\"height\":4000},{\"@type\":\"BreadcrumbList\",\"@id\":\"https:\\\/\\\/expatpsychology.nl\\\/complaints-and-suggestions\\\/#breadcrumb\",\"itemListElement\":[{\"@type\":\"ListItem\",\"position\":1,\"name\":\"Home\",\"item\":\"https:\\\/\\\/expatpsychology.nl\\\/\"},{\"@type\":\"ListItem\",\"position\":2,\"name\":\"Complaints Procedure\"}]},{\"@type\":\"WebSite\",\"@id\":\"https:\\\/\\\/expatpsychology.nl\\\/#website\",\"url\":\"https:\\\/\\\/expatpsychology.nl\\\/\",\"name\":\"Sanus Psychology\",\"description\":\"Therapy for Expats and Internationals\",\"publisher\":{\"@id\":\"https:\\\/\\\/expatpsychology.nl\\\/#organization\"},\"alternateName\":\"Expat Psychology\",\"potentialAction\":[{\"@type\":\"SearchAction\",\"target\":{\"@type\":\"EntryPoint\",\"urlTemplate\":\"https:\\\/\\\/expatpsychology.nl\\\/?s={search_term_string}\"},\"query-input\":{\"@type\":\"PropertyValueSpecification\",\"valueRequired\":true,\"valueName\":\"search_term_string\"}}],\"inLanguage\":\"tr\"},{\"@type\":\"Organization\",\"@id\":\"https:\\\/\\\/expatpsychology.nl\\\/#organization\",\"name\":\"Sanus Psychology Practice\",\"alternateName\":\"Expat Psychology\",\"url\":\"https:\\\/\\\/expatpsychology.nl\\\/\",\"logo\":{\"@type\":\"ImageObject\",\"inLanguage\":\"tr\",\"@id\":\"https:\\\/\\\/expatpsychology.nl\\\/#\\\/schema\\\/logo\\\/image\\\/\",\"url\":\"https:\\\/\\\/expatpsychology.nl\\\/wp-content\\\/uploads\\\/2022\\\/01\\\/logo_text_vertical.png\",\"contentUrl\":\"https:\\\/\\\/expatpsychology.nl\\\/wp-content\\\/uploads\\\/2022\\\/01\\\/logo_text_vertical.png\",\"width\":5000,\"height\":5000,\"caption\":\"Sanus Psychology Practice\"},\"image\":{\"@id\":\"https:\\\/\\\/expatpsychology.nl\\\/#\\\/schema\\\/logo\\\/image\\\/\"},\"sameAs\":[\"https:\\\/\\\/www.facebook.com\\\/psk.cevdet.acarsoy\",\"https:\\\/\\\/x.com\\\/CevdetAcarsoy\",\"https:\\\/\\\/www.instagram.com\\\/psy.cevdet.acarsoy\\\/\",\"https:\\\/\\\/www.linkedin.com\\\/company\\\/78763336\",\"https:\\\/\\\/www.youtube.com\\\/c\\\/PsikologCevdetAcarsoy\"]}]}<\/script>\n<!-- \/ Yoast SEO plugin. -->","yoast_head_json":{"title":"Complaints Procedure - Sanus Psychology Practice","robots":{"index":"index","follow":"follow","max-snippet":"max-snippet:-1","max-image-preview":"max-image-preview:large","max-video-preview":"max-video-preview:-1"},"canonical":"https:\/\/expatpsychology.nl\/tr\/complaints-and-suggestions\/","og_locale":"tr_TR","og_type":"article","og_title":"Complaints Procedure - Sanus Psychology Practice","og_description":"Sanus Psychology has a complaints procedure, if there are complaints about the care offered within the practice, you can make this known to your psychologist. He will do his best to solve the issue to accommodate your satisfaction. If you are still dissatisfied, you are eligible to file a complaint [&hellip;]","og_url":"https:\/\/expatpsychology.nl\/tr\/complaints-and-suggestions\/","og_site_name":"Sanus Psychology Practice","article_publisher":"https:\/\/www.facebook.com\/psk.cevdet.acarsoy","article_modified_time":"2022-01-19T23:21:00+00:00","og_image":[{"width":5000,"height":4000,"url":"https:\/\/expatpsychology.nl\/wp-content\/uploads\/2022\/01\/New-Project-2.png","type":"image\/png"}],"twitter_card":"summary_large_image","twitter_site":"@CevdetAcarsoy","schema":{"@context":"https:\/\/schema.org","@graph":[{"@type":"WebPage","@id":"https:\/\/expatpsychology.nl\/complaints-and-suggestions\/","url":"https:\/\/expatpsychology.nl\/complaints-and-suggestions\/","name":"Complaints Procedure - Sanus Psychology Practice","isPartOf":{"@id":"https:\/\/expatpsychology.nl\/#website"},"primaryImageOfPage":{"@id":"https:\/\/expatpsychology.nl\/complaints-and-suggestions\/#primaryimage"},"image":{"@id":"https:\/\/expatpsychology.nl\/complaints-and-suggestions\/#primaryimage"},"thumbnailUrl":"https:\/\/expatpsychology.nl\/wp-content\/uploads\/2022\/01\/New-Project-2.png","datePublished":"2022-01-13T15:35:16+00:00","dateModified":"2022-01-19T23:21:00+00:00","breadcrumb":{"@id":"https:\/\/expatpsychology.nl\/complaints-and-suggestions\/#breadcrumb"},"inLanguage":"tr","potentialAction":[{"@type":"ReadAction","target":["https:\/\/expatpsychology.nl\/complaints-and-suggestions\/"]}]},{"@type":"ImageObject","inLanguage":"tr","@id":"https:\/\/expatpsychology.nl\/complaints-and-suggestions\/#primaryimage","url":"https:\/\/expatpsychology.nl\/wp-content\/uploads\/2022\/01\/New-Project-2.png","contentUrl":"https:\/\/expatpsychology.nl\/wp-content\/uploads\/2022\/01\/New-Project-2.png","width":5000,"height":4000},{"@type":"BreadcrumbList","@id":"https:\/\/expatpsychology.nl\/complaints-and-suggestions\/#breadcrumb","itemListElement":[{"@type":"ListItem","position":1,"name":"Home","item":"https:\/\/expatpsychology.nl\/"},{"@type":"ListItem","position":2,"name":"Complaints Procedure"}]},{"@type":"WebSite","@id":"https:\/\/expatpsychology.nl\/#website","url":"https:\/\/expatpsychology.nl\/","name":"Sanus Psychology","description":"Therapy for Expats and Internationals","publisher":{"@id":"https:\/\/expatpsychology.nl\/#organization"},"alternateName":"Expat Psychology","potentialAction":[{"@type":"SearchAction","target":{"@type":"EntryPoint","urlTemplate":"https:\/\/expatpsychology.nl\/?s={search_term_string}"},"query-input":{"@type":"PropertyValueSpecification","valueRequired":true,"valueName":"search_term_string"}}],"inLanguage":"tr"},{"@type":"Organization","@id":"https:\/\/expatpsychology.nl\/#organization","name":"Sanus Psychology","alternateName":"Expat Psychology","url":"https:\/\/expatpsychology.nl\/","logo":{"@type":"ImageObject","inLanguage":"tr","@id":"https:\/\/expatpsychology.nl\/#\/schema\/logo\/image\/","url":"https:\/\/expatpsychology.nl\/wp-content\/uploads\/2022\/01\/logo_text_vertical.png","contentUrl":"https:\/\/expatpsychology.nl\/wp-content\/uploads\/2022\/01\/logo_text_vertical.png","width":5000,"height":5000,"caption":"Sanus Psychology Practice"},"image":{"@id":"https:\/\/expatpsychology.nl\/#\/schema\/logo\/image\/"},"sameAs":["https:\/\/www.facebook.com\/psk.cevdet.acarsoy","https:\/\/x.com\/CevdetAcarsoy","https:\/\/www.instagram.com\/psy.cevdet.acarsoy\/","https:\/\/www.linkedin.com\/company\/78763336","https:\/\/www.youtube.com\/c\/PsikologCevdetAcarsoy"]}]}},"jetpack_sharing_enabled":true,"_links":{"self":[{"href":"https:\/\/expatpsychology.nl\/tr\/wp-json\/wp\/v2\/pages\/184","targetHints":{"allow":["GET"]}}],"collection":[{"href":"https:\/\/expatpsychology.nl\/tr\/wp-json\/wp\/v2\/pages"}],"about":[{"href":"https:\/\/expatpsychology.nl\/tr\/wp-json\/wp\/v2\/types\/page"}],"author":[{"embeddable":true,"href":"https:\/\/expatpsychology.nl\/tr\/wp-json\/wp\/v2\/users\/1"}],"replies":[{"embeddable":true,"href":"https:\/\/expatpsychology.nl\/tr\/wp-json\/wp\/v2\/comments?post=184"}],"version-history":[{"count":2,"href":"https:\/\/expatpsychology.nl\/tr\/wp-json\/wp\/v2\/pages\/184\/revisions"}],"predecessor-version":[{"id":368,"href":"https:\/\/expatpsychology.nl\/tr\/wp-json\/wp\/v2\/pages\/184\/revisions\/368"}],"wp:featuredmedia":[{"embeddable":true,"href":"https:\/\/expatpsychology.nl\/tr\/wp-json\/wp\/v2\/media\/284"}],"wp:attachment":[{"href":"https:\/\/expatpsychology.nl\/tr\/wp-json\/wp\/v2\/media?parent=184"}],"curies":[{"name":"wp","href":"https:\/\/api.w.org\/{rel}","templated":true}]}}