{"id":89,"date":"2020-06-06T16:43:45","date_gmt":"2020-06-06T16:43:45","guid":{"rendered":"https:\/\/demosites.io\/travel-blog-gb\/?page_id=89"},"modified":"2025-01-05T20:46:28","modified_gmt":"2025-01-05T19:46:28","slug":"contact","status":"publish","type":"page","link":"https:\/\/expatpsychology.nl\/tr\/contact\/","title":{"rendered":"\u0130leti\u015fim"},"content":{"rendered":"\n<p>We&#8217;re here to listen, support, and guide you on your journey to improved mental well-being. If you have any questions, want to schedule an appointment, or simply wish to reach out, please don&#8217;t hesitate to get in touch. Your concerns and inquiries are important to us.<\/p>\n\n\n\n<hr class=\"wp-block-separator has-alpha-channel-opacity is-style-wide\"\/>\n\n\n\n<div class=\"wp-block-columns is-layout-flex wp-container-core-columns-is-layout-28f84493 wp-block-columns-is-layout-flex\">\n<div class=\"wp-block-column is-layout-flow wp-block-column-is-layout-flow\"><div class=\"wpforms-container wpforms-container-full wpforms-block wpforms-block-2c175096-0cb5-4590-9d88-b44e9c16d695 custom-send-button-align\" id=\"wpforms-227\"><form id=\"wpforms-form-227\" class=\"wpforms-validate wpforms-form\" data-formid=\"227\" method=\"post\" enctype=\"multipart\/form-data\" action=\"\/tr\/wp-json\/wp\/v2\/pages\/89\" data-token=\"716ff01a3c63b2777668fa2367e7d6b7\" data-token-time=\"1775864791\"><noscript class=\"wpforms-error-noscript\">Bu formu bitirebilmek i\u00e7in taray\u0131c\u0131n\u0131zda JavaScript&#039;i etkinle\u015ftirin.<\/noscript><div class=\"wpforms-field-container\"><div id=\"wpforms-227-field_0-container\" class=\"wpforms-field wpforms-field-name\" data-field-id=\"0\"><label class=\"wpforms-field-label wpforms-label-hide\" for=\"wpforms-227-field_0\">Name <span class=\"wpforms-required-label\">*<\/span><\/label><input type=\"text\" id=\"wpforms-227-field_0\" class=\"wpforms-field-large wpforms-field-required\" name=\"wpforms[fields][0]\" placeholder=\"Name\" required><\/div>\t\t<div id=\"wpforms-227-field_3-container\"\n\t\t\tclass=\"wpforms-field wpforms-field-text\"\n\t\t\tdata-field-type=\"text\"\n\t\t\tdata-field-id=\"3\"\n\t\t\t>\n\t\t\t<label class=\"wpforms-field-label\" for=\"wpforms-227-field_3\" >Email Subject Message<\/label>\n\t\t\t<input type=\"text\" id=\"wpforms-227-field_3\" class=\"wpforms-field-medium\" name=\"wpforms[fields][3]\" >\n\t\t<\/div>\n\t\t<div id=\"wpforms-227-field_1-container\" class=\"wpforms-field wpforms-field-email\" data-field-id=\"1\"><label class=\"wpforms-field-label wpforms-label-hide\" for=\"wpforms-227-field_1\">Email <span class=\"wpforms-required-label\">*<\/span><\/label><input type=\"email\" id=\"wpforms-227-field_1\" class=\"wpforms-field-large wpforms-field-required\" name=\"wpforms[fields][1]\" placeholder=\"Email\" spellcheck=\"false\" required><\/div><div id=\"wpforms-227-field_5-container\" class=\"wpforms-field wpforms-field-text\" data-field-id=\"5\"><label class=\"wpforms-field-label wpforms-label-hide\" for=\"wpforms-227-field_5\">Subject <span class=\"wpforms-required-label\">*<\/span><\/label><input type=\"text\" id=\"wpforms-227-field_5\" class=\"wpforms-field-large wpforms-field-required\" name=\"wpforms[fields][5]\" placeholder=\"Subject\" required><\/div><div id=\"wpforms-227-field_2-container\" class=\"wpforms-field wpforms-field-textarea\" data-field-id=\"2\"><label class=\"wpforms-field-label wpforms-label-hide\" for=\"wpforms-227-field_2\">Message <span class=\"wpforms-required-label\">*<\/span><\/label><textarea id=\"wpforms-227-field_2\" class=\"wpforms-field-medium wpforms-field-required\" name=\"wpforms[fields][2]\" placeholder=\"Message\" required><\/textarea><\/div><script>\n\t\t\t\t( function() {\n\t\t\t\t\tconst style = document.createElement( 'style' );\n\t\t\t\t\tstyle.appendChild( document.createTextNode( '#wpforms-227-field_3-container { position: absolute !important; overflow: hidden !important; display: inline !important; height: 1px !important; width: 1px !important; z-index: -1000 !important; padding: 0 !important; } #wpforms-227-field_3-container input { visibility: hidden; } #wpforms-conversational-form-page #wpforms-227-field_3-container label { counter-increment: none; }' ) );\n\t\t\t\t\tdocument.head.appendChild( style );\n\t\t\t\t\tdocument.currentScript?.remove();\n\t\t\t\t} )();\n\t\t\t<\/script><\/div><!-- .wpforms-field-container --><div class=\"wpforms-recaptcha-container wpforms-is-hcaptcha\" ><div class=\"h-captcha\" data-sitekey=\"9c71b16c-d320-44fb-aeed-a5b8f2cfaf7c\"><\/div><input type=\"text\" name=\"g-recaptcha-hidden\" class=\"wpforms-recaptcha-hidden\" style=\"position:absolute!important;clip:rect(0,0,0,0)!important;height:1px!important;width:1px!important;border:0!important;overflow:hidden!important;padding:0!important;margin:0!important;\" data-rule-hcaptcha=\"1\"><\/div><div class=\"wpforms-submit-container\" ><input type=\"hidden\" name=\"wpforms[id]\" value=\"227\"><input type=\"hidden\" name=\"page_title\" value=\"\"><input type=\"hidden\" name=\"page_url\" value=\"https:\/\/expatpsychology.nl\/tr\/wp-json\/wp\/v2\/pages\/89\"><input type=\"hidden\" name=\"url_referer\" value=\"\"><button type=\"submit\" name=\"wpforms[submit]\" id=\"wpforms-submit-227\" class=\"wpforms-submit custom-send-button-align\" data-alt-text=\"Sending...\" data-submit-text=\"Send\" aria-live=\"assertive\" value=\"wpforms-submit\">Send<\/button><\/div><\/form><\/div>  <!-- .wpforms-container --><\/div>\n\n\n\n<div class=\"wp-block-column is-layout-flow wp-block-column-is-layout-flow\">\n<p><strong>Address:<\/strong> Sanus Psychology Practice Middelstegracht 131, 2312 TV Leiden<\/p>\n\n\n\n<p><strong>Email:<\/strong> <a href=\"mailto:info@expatpsychology.nl\">info@expatpsychology.nl<\/a><\/p>\n\n\n\n<p><strong>Office Hours:<\/strong> Saturday 09:00 &#8211; 14:00<br><strong>Online Hours:<\/strong> Monday to Friday 13:00 &#8211; 21:00<\/p>\n\n\n\n<p>Feel free to reach out through the contact form or, email and we&#8217;ll respond to your message as soon as possible.<\/p>\n<\/div>\n<\/div>\n\n\n\n<center><iframe src=\"https:\/\/www.google.com\/maps\/embed?pb=!1m18!1m12!1m3!1d2447.6055975155955!2d4.495643277068294!3d52.15968196284337!2m3!1f0!2f0!3f0!3m2!1i1024!2i768!4f13.1!3m3!1m2!1s0x47c5c7ea3fac1637%3A0xf7de5e74a148b31b!2sSanus%20Psychology%20Practice!5e0!3m2!1str!2snl!4v1693582146260!5m2!1str!2snl\" width=\"800\" height=\"600\" style=\"border:0;\" allowfullscreen=\"\" loading=\"lazy\" referrerpolicy=\"no-referrer-when-downgrade\"><\/iframe><\/center>\n","protected":false},"excerpt":{"rendered":"<p>We&#8217;re here to listen, support, and guide you on your journey to improved mental well-being. If you have any questions, want to schedule an appointment, or simply wish to reach out, please don&#8217;t hesitate to get in touch. Your concerns and inquiries are important to us. Address: Sanus Psychology Practice [&hellip;]<\/p>\n","protected":false},"author":1,"featured_media":243,"parent":0,"menu_order":0,"comment_status":"closed","ping_status":"closed","template":"page-templates\/template-fullwidth.php","meta":{"footnotes":""},"class_list":["post-89","page","type-page","status-publish","has-post-thumbnail","hentry"],"featured_image_src":"https:\/\/expatpsychology.nl\/wp-content\/uploads\/2022\/01\/adrien-olichon-QRtym77B6xk-unsplash-scaled.jpg","yoast_head":"<!-- This site is optimized with the Yoast SEO plugin v27.3 - https:\/\/yoast.com\/product\/yoast-seo-wordpress\/ -->\n<title>Contact - Sanus Psychology Practice<\/title>\n<meta name=\"description\" content=\"Would you like to learn more or schedule an appointment?Send an email to info@expatpsychology.nl or use the contact form below:\" \/>\n<meta name=\"robots\" content=\"index, follow, max-snippet:-1, max-image-preview:large, max-video-preview:-1\" \/>\n<link rel=\"canonical\" href=\"https:\/\/expatpsychology.nl\/tr\/contact\/\" \/>\n<meta property=\"og:locale\" content=\"tr_TR\" \/>\n<meta property=\"og:type\" content=\"article\" \/>\n<meta property=\"og:title\" content=\"Contact - Sanus Psychology Practice\" \/>\n<meta property=\"og:description\" content=\"Would you like to learn more or schedule an appointment?Send an email to info@expatpsychology.nl or use the contact form below:\" \/>\n<meta property=\"og:url\" content=\"https:\/\/expatpsychology.nl\/tr\/contact\/\" \/>\n<meta property=\"og:site_name\" content=\"Sanus Psychology Practice\" \/>\n<meta property=\"article:publisher\" content=\"https:\/\/www.facebook.com\/psk.cevdet.acarsoy\" \/>\n<meta property=\"article:modified_time\" content=\"2025-01-05T19:46:28+00:00\" \/>\n<meta property=\"og:image\" content=\"https:\/\/expatpsychology.nl\/wp-content\/uploads\/2022\/01\/adrien-olichon-QRtym77B6xk-unsplash-scaled.jpg\" \/>\n\t<meta property=\"og:image:width\" content=\"2560\" \/>\n\t<meta property=\"og:image:height\" content=\"1707\" \/>\n\t<meta property=\"og:image:type\" content=\"image\/jpeg\" \/>\n<meta name=\"twitter:card\" content=\"summary_large_image\" \/>\n<meta name=\"twitter:site\" content=\"@CevdetAcarsoy\" \/>\n<meta name=\"twitter:label1\" content=\"Tahmini okuma s\u00fcresi\" \/>\n\t<meta name=\"twitter:data1\" content=\"1 dakika\" \/>\n<script type=\"application\/ld+json\" class=\"yoast-schema-graph\">{\"@context\":\"https:\\\/\\\/schema.org\",\"@graph\":[{\"@type\":\"WebPage\",\"@id\":\"https:\\\/\\\/expatpsychology.nl\\\/contact\\\/\",\"url\":\"https:\\\/\\\/expatpsychology.nl\\\/contact\\\/\",\"name\":\"Contact - Sanus Psychology Practice\",\"isPartOf\":{\"@id\":\"https:\\\/\\\/expatpsychology.nl\\\/#website\"},\"primaryImageOfPage\":{\"@id\":\"https:\\\/\\\/expatpsychology.nl\\\/contact\\\/#primaryimage\"},\"image\":{\"@id\":\"https:\\\/\\\/expatpsychology.nl\\\/contact\\\/#primaryimage\"},\"thumbnailUrl\":\"https:\\\/\\\/expatpsychology.nl\\\/wp-content\\\/uploads\\\/2022\\\/01\\\/adrien-olichon-QRtym77B6xk-unsplash-scaled.jpg\",\"datePublished\":\"2020-06-06T16:43:45+00:00\",\"dateModified\":\"2025-01-05T19:46:28+00:00\",\"description\":\"Would you like to learn more or schedule an appointment?Send an email to info@expatpsychology.nl or use the contact form below:\",\"breadcrumb\":{\"@id\":\"https:\\\/\\\/expatpsychology.nl\\\/contact\\\/#breadcrumb\"},\"inLanguage\":\"tr\",\"potentialAction\":[{\"@type\":\"ReadAction\",\"target\":[\"https:\\\/\\\/expatpsychology.nl\\\/contact\\\/\"]}]},{\"@type\":\"ImageObject\",\"inLanguage\":\"tr\",\"@id\":\"https:\\\/\\\/expatpsychology.nl\\\/contact\\\/#primaryimage\",\"url\":\"https:\\\/\\\/expatpsychology.nl\\\/wp-content\\\/uploads\\\/2022\\\/01\\\/adrien-olichon-QRtym77B6xk-unsplash-scaled.jpg\",\"contentUrl\":\"https:\\\/\\\/expatpsychology.nl\\\/wp-content\\\/uploads\\\/2022\\\/01\\\/adrien-olichon-QRtym77B6xk-unsplash-scaled.jpg\",\"width\":2560,\"height\":1707},{\"@type\":\"BreadcrumbList\",\"@id\":\"https:\\\/\\\/expatpsychology.nl\\\/contact\\\/#breadcrumb\",\"itemListElement\":[{\"@type\":\"ListItem\",\"position\":1,\"name\":\"Home\",\"item\":\"https:\\\/\\\/expatpsychology.nl\\\/\"},{\"@type\":\"ListItem\",\"position\":2,\"name\":\"Contact\"}]},{\"@type\":\"WebSite\",\"@id\":\"https:\\\/\\\/expatpsychology.nl\\\/#website\",\"url\":\"https:\\\/\\\/expatpsychology.nl\\\/\",\"name\":\"Sanus Psychology\",\"description\":\"Therapy for Expats and Internationals\",\"publisher\":{\"@id\":\"https:\\\/\\\/expatpsychology.nl\\\/#organization\"},\"alternateName\":\"Expat Psychology\",\"potentialAction\":[{\"@type\":\"SearchAction\",\"target\":{\"@type\":\"EntryPoint\",\"urlTemplate\":\"https:\\\/\\\/expatpsychology.nl\\\/?s={search_term_string}\"},\"query-input\":{\"@type\":\"PropertyValueSpecification\",\"valueRequired\":true,\"valueName\":\"search_term_string\"}}],\"inLanguage\":\"tr\"},{\"@type\":\"Organization\",\"@id\":\"https:\\\/\\\/expatpsychology.nl\\\/#organization\",\"name\":\"Sanus Psychology Practice\",\"alternateName\":\"Expat Psychology\",\"url\":\"https:\\\/\\\/expatpsychology.nl\\\/\",\"logo\":{\"@type\":\"ImageObject\",\"inLanguage\":\"tr\",\"@id\":\"https:\\\/\\\/expatpsychology.nl\\\/#\\\/schema\\\/logo\\\/image\\\/\",\"url\":\"https:\\\/\\\/expatpsychology.nl\\\/wp-content\\\/uploads\\\/2022\\\/01\\\/logo_text_vertical.png\",\"contentUrl\":\"https:\\\/\\\/expatpsychology.nl\\\/wp-content\\\/uploads\\\/2022\\\/01\\\/logo_text_vertical.png\",\"width\":5000,\"height\":5000,\"caption\":\"Sanus Psychology Practice\"},\"image\":{\"@id\":\"https:\\\/\\\/expatpsychology.nl\\\/#\\\/schema\\\/logo\\\/image\\\/\"},\"sameAs\":[\"https:\\\/\\\/www.facebook.com\\\/psk.cevdet.acarsoy\",\"https:\\\/\\\/x.com\\\/CevdetAcarsoy\",\"https:\\\/\\\/www.instagram.com\\\/psy.cevdet.acarsoy\\\/\",\"https:\\\/\\\/www.linkedin.com\\\/company\\\/78763336\",\"https:\\\/\\\/www.youtube.com\\\/c\\\/PsikologCevdetAcarsoy\"]}]}<\/script>\n<!-- \/ Yoast SEO plugin. -->","yoast_head_json":{"title":"Contact - Sanus Psychology Practice","description":"Would you like to learn more or schedule an appointment?Send an email to info@expatpsychology.nl or use the contact form below:","robots":{"index":"index","follow":"follow","max-snippet":"max-snippet:-1","max-image-preview":"max-image-preview:large","max-video-preview":"max-video-preview:-1"},"canonical":"https:\/\/expatpsychology.nl\/tr\/contact\/","og_locale":"tr_TR","og_type":"article","og_title":"Contact - Sanus Psychology Practice","og_description":"Would you like to learn more or schedule an appointment?Send an email to info@expatpsychology.nl or use the contact form below:","og_url":"https:\/\/expatpsychology.nl\/tr\/contact\/","og_site_name":"Sanus Psychology Practice","article_publisher":"https:\/\/www.facebook.com\/psk.cevdet.acarsoy","article_modified_time":"2025-01-05T19:46:28+00:00","og_image":[{"width":2560,"height":1707,"url":"https:\/\/expatpsychology.nl\/wp-content\/uploads\/2022\/01\/adrien-olichon-QRtym77B6xk-unsplash-scaled.jpg","type":"image\/jpeg"}],"twitter_card":"summary_large_image","twitter_site":"@CevdetAcarsoy","twitter_misc":{"Tahmini okuma s\u00fcresi":"1 dakika"},"schema":{"@context":"https:\/\/schema.org","@graph":[{"@type":"WebPage","@id":"https:\/\/expatpsychology.nl\/contact\/","url":"https:\/\/expatpsychology.nl\/contact\/","name":"Contact - Sanus Psychology Practice","isPartOf":{"@id":"https:\/\/expatpsychology.nl\/#website"},"primaryImageOfPage":{"@id":"https:\/\/expatpsychology.nl\/contact\/#primaryimage"},"image":{"@id":"https:\/\/expatpsychology.nl\/contact\/#primaryimage"},"thumbnailUrl":"https:\/\/expatpsychology.nl\/wp-content\/uploads\/2022\/01\/adrien-olichon-QRtym77B6xk-unsplash-scaled.jpg","datePublished":"2020-06-06T16:43:45+00:00","dateModified":"2025-01-05T19:46:28+00:00","description":"Would you like to learn more or schedule an appointment?Send an email to info@expatpsychology.nl or use the contact form below:","breadcrumb":{"@id":"https:\/\/expatpsychology.nl\/contact\/#breadcrumb"},"inLanguage":"tr","potentialAction":[{"@type":"ReadAction","target":["https:\/\/expatpsychology.nl\/contact\/"]}]},{"@type":"ImageObject","inLanguage":"tr","@id":"https:\/\/expatpsychology.nl\/contact\/#primaryimage","url":"https:\/\/expatpsychology.nl\/wp-content\/uploads\/2022\/01\/adrien-olichon-QRtym77B6xk-unsplash-scaled.jpg","contentUrl":"https:\/\/expatpsychology.nl\/wp-content\/uploads\/2022\/01\/adrien-olichon-QRtym77B6xk-unsplash-scaled.jpg","width":2560,"height":1707},{"@type":"BreadcrumbList","@id":"https:\/\/expatpsychology.nl\/contact\/#breadcrumb","itemListElement":[{"@type":"ListItem","position":1,"name":"Home","item":"https:\/\/expatpsychology.nl\/"},{"@type":"ListItem","position":2,"name":"Contact"}]},{"@type":"WebSite","@id":"https:\/\/expatpsychology.nl\/#website","url":"https:\/\/expatpsychology.nl\/","name":"Sanus Psychology","description":"Therapy for Expats and Internationals","publisher":{"@id":"https:\/\/expatpsychology.nl\/#organization"},"alternateName":"Expat Psychology","potentialAction":[{"@type":"SearchAction","target":{"@type":"EntryPoint","urlTemplate":"https:\/\/expatpsychology.nl\/?s={search_term_string}"},"query-input":{"@type":"PropertyValueSpecification","valueRequired":true,"valueName":"search_term_string"}}],"inLanguage":"tr"},{"@type":"Organization","@id":"https:\/\/expatpsychology.nl\/#organization","name":"Sanus Psychology","alternateName":"Expat Psychology","url":"https:\/\/expatpsychology.nl\/","logo":{"@type":"ImageObject","inLanguage":"tr","@id":"https:\/\/expatpsychology.nl\/#\/schema\/logo\/image\/","url":"https:\/\/expatpsychology.nl\/wp-content\/uploads\/2022\/01\/logo_text_vertical.png","contentUrl":"https:\/\/expatpsychology.nl\/wp-content\/uploads\/2022\/01\/logo_text_vertical.png","width":5000,"height":5000,"caption":"Sanus Psychology Practice"},"image":{"@id":"https:\/\/expatpsychology.nl\/#\/schema\/logo\/image\/"},"sameAs":["https:\/\/www.facebook.com\/psk.cevdet.acarsoy","https:\/\/x.com\/CevdetAcarsoy","https:\/\/www.instagram.com\/psy.cevdet.acarsoy\/","https:\/\/www.linkedin.com\/company\/78763336","https:\/\/www.youtube.com\/c\/PsikologCevdetAcarsoy"]}]}},"jetpack_sharing_enabled":true,"_links":{"self":[{"href":"https:\/\/expatpsychology.nl\/tr\/wp-json\/wp\/v2\/pages\/89","targetHints":{"allow":["GET"]}}],"collection":[{"href":"https:\/\/expatpsychology.nl\/tr\/wp-json\/wp\/v2\/pages"}],"about":[{"href":"https:\/\/expatpsychology.nl\/tr\/wp-json\/wp\/v2\/types\/page"}],"author":[{"embeddable":true,"href":"https:\/\/expatpsychology.nl\/tr\/wp-json\/wp\/v2\/users\/1"}],"replies":[{"embeddable":true,"href":"https:\/\/expatpsychology.nl\/tr\/wp-json\/wp\/v2\/comments?post=89"}],"version-history":[{"count":40,"href":"https:\/\/expatpsychology.nl\/tr\/wp-json\/wp\/v2\/pages\/89\/revisions"}],"predecessor-version":[{"id":1310,"href":"https:\/\/expatpsychology.nl\/tr\/wp-json\/wp\/v2\/pages\/89\/revisions\/1310"}],"wp:featuredmedia":[{"embeddable":true,"href":"https:\/\/expatpsychology.nl\/tr\/wp-json\/wp\/v2\/media\/243"}],"wp:attachment":[{"href":"https:\/\/expatpsychology.nl\/tr\/wp-json\/wp\/v2\/media?parent=89"}],"curies":[{"name":"wp","href":"https:\/\/api.w.org\/{rel}","templated":true}]}}